{"id":876,"date":"2017-01-26T23:38:11","date_gmt":"2017-01-26T22:38:11","guid":{"rendered":"http:\/\/www.centroarco.com\/?page_id=876"},"modified":"2017-01-27T00:20:37","modified_gmt":"2017-01-26T23:20:37","slug":"tutorias-del-curso-online-de-tecnicas-de-venta","status":"publish","type":"page","link":"https:\/\/www.centroarco.com\/en\/course-in-sales-techniques\/espanol-tutorias-del-curso-online-de-tecnicas-de-venta\/","title":{"rendered":"(Espa\u00f1ol) Tutor\u00edas del curso online de t\u00e9cnicas de venta"},"content":{"rendered":"<p class=\"qtranxs-available-languages-message qtranxs-available-languages-message-en\">Sorry, this entry is only available in <a href=\"https:\/\/www.centroarco.com\/es\/wp-json\/wp\/v2\/pages\/876\" class=\"qtranxs-available-language-link qtranxs-available-language-link-es\" title=\"Espa\u00f1ol\">European Spanish<\/a>.<\/p>","protected":false},"excerpt":{"rendered":"<p>Sorry, this entry is only available in European Spanish.<\/p>\n","protected":false},"author":1,"featured_media":0,"parent":466,"menu_order":0,"comment_status":"closed","ping_status":"closed","template":"page-leftsb.php","meta":[],"yoast_head":"<!-- This site is optimized with the Yoast SEO plugin v18.5.1 - https:\/\/yoast.com\/wordpress\/plugins\/seo\/ -->\n<title>(Espa\u00f1ol) Tutor\u00edas del curso de ventas<\/title>\n<meta name=\"description\" content=\"(Espa\u00f1ol) Tutores altamente especializados y preparados atienden nuestro servicio de tutor\u00edas. Seguramente, el mejor servicio de tutor\u00edas de un curso de ventas.\" \/>\n<meta name=\"robots\" content=\"index, follow, max-snippet:-1, max-image-preview:large, max-video-preview:-1\" \/>\n<link rel=\"canonical\" href=\"https:\/\/www.centroarco.com\/curso-de-ventas\/tutorias-del-curso-online-de-tecnicas-de-venta\/\" \/>\n<meta property=\"og:locale\" content=\"en_US\" \/>\n<meta property=\"og:type\" content=\"article\" \/>\n<meta property=\"og:title\" content=\"(Espa\u00f1ol) Tutor\u00edas del curso de ventas\" \/>\n<meta property=\"og:description\" content=\"(Espa\u00f1ol) Tutores altamente especializados y preparados atienden nuestro servicio de tutor\u00edas. Seguramente, el mejor servicio de tutor\u00edas de un curso de ventas.\" \/>\n<meta property=\"og:url\" content=\"https:\/\/www.centroarco.com\/curso-de-ventas\/tutorias-del-curso-online-de-tecnicas-de-venta\/\" \/>\n<meta property=\"og:site_name\" content=\"Center for High Commercial Performance\" \/>\n<meta property=\"article:modified_time\" content=\"2017-01-26T23:20:37+00:00\" \/>\n<meta property=\"og:image\" content=\"http:\/\/www.centroarco.com\/wp-content\/uploads\/2017\/01\/tutorias-del-curso-de-ventas.jpg\" \/>\n<meta name=\"twitter:card\" content=\"summary\" \/>\n<meta name=\"twitter:label1\" content=\"Est. reading time\" \/>\n\t<meta name=\"twitter:data1\" content=\"4 minutes\" \/>\n<script type=\"application\/ld+json\" class=\"yoast-schema-graph\">{\"@context\":\"https:\/\/schema.org\",\"@graph\":[{\"@type\":\"WebSite\",\"@id\":\"https:\/\/www.centroarco.com\/en\/#website\",\"url\":\"https:\/\/www.centroarco.com\/en\/\",\"name\":\"Center for High Commercial Performance\",\"description\":\"Online Course in Sales Techniques\",\"potentialAction\":[{\"@type\":\"SearchAction\",\"target\":{\"@type\":\"EntryPoint\",\"urlTemplate\":\"https:\/\/www.centroarco.com\/en\/?s={search_term_string}\"},\"query-input\":\"required name=search_term_string\"}],\"inLanguage\":\"en-US\"},{\"@type\":\"ImageObject\",\"@id\":\"https:\/\/www.centroarco.com\/curso-de-ventas\/tutorias-del-curso-online-de-tecnicas-de-venta\/#primaryimage\",\"inLanguage\":\"en-US\",\"url\":\"http:\/\/www.centroarco.com\/wp-content\/uploads\/2017\/01\/tutorias-del-curso-de-ventas.jpg\",\"contentUrl\":\"http:\/\/www.centroarco.com\/wp-content\/uploads\/2017\/01\/tutorias-del-curso-de-ventas.jpg\"},{\"@type\":\"WebPage\",\"@id\":\"https:\/\/www.centroarco.com\/curso-de-ventas\/tutorias-del-curso-online-de-tecnicas-de-venta\/#webpage\",\"url\":\"https:\/\/www.centroarco.com\/curso-de-ventas\/tutorias-del-curso-online-de-tecnicas-de-venta\/\",\"name\":\"(Espa\u00f1ol) Tutor\u00edas del curso de ventas\",\"isPartOf\":{\"@id\":\"https:\/\/www.centroarco.com\/en\/#website\"},\"primaryImageOfPage\":{\"@id\":\"https:\/\/www.centroarco.com\/curso-de-ventas\/tutorias-del-curso-online-de-tecnicas-de-venta\/#primaryimage\"},\"datePublished\":\"2017-01-26T22:38:11+00:00\",\"dateModified\":\"2017-01-26T23:20:37+00:00\",\"description\":\"(Espa\u00f1ol) Tutores altamente especializados y preparados atienden nuestro servicio de tutor\u00edas. Seguramente, el mejor servicio de tutor\u00edas de un curso de ventas.\",\"breadcrumb\":{\"@id\":\"https:\/\/www.centroarco.com\/curso-de-ventas\/tutorias-del-curso-online-de-tecnicas-de-venta\/#breadcrumb\"},\"inLanguage\":\"en-US\",\"potentialAction\":[{\"@type\":\"ReadAction\",\"target\":[\"https:\/\/www.centroarco.com\/curso-de-ventas\/tutorias-del-curso-online-de-tecnicas-de-venta\/\"]}]},{\"@type\":\"BreadcrumbList\",\"@id\":\"https:\/\/www.centroarco.com\/curso-de-ventas\/tutorias-del-curso-online-de-tecnicas-de-venta\/#breadcrumb\",\"itemListElement\":[{\"@type\":\"ListItem\",\"position\":1,\"name\":\"Portada\",\"item\":\"https:\/\/www.centroarco.com\/en\/\"},{\"@type\":\"ListItem\",\"position\":2,\"name\":\"Curso de ventas\",\"item\":\"https:\/\/www.centroarco.com\/curso-de-ventas\/\"},{\"@type\":\"ListItem\",\"position\":3,\"name\":\"(Espa\u00f1ol) Tutor\u00edas del curso online de t\u00e9cnicas de venta\"}]}]}<\/script>\n<!-- \/ Yoast SEO plugin. -->","yoast_head_json":{"title":"(Espa\u00f1ol) Tutor\u00edas del curso de ventas","description":"(Espa\u00f1ol) Tutores altamente especializados y preparados atienden nuestro servicio de tutor\u00edas. Seguramente, el mejor servicio de tutor\u00edas de un curso de ventas.","robots":{"index":"index","follow":"follow","max-snippet":"max-snippet:-1","max-image-preview":"max-image-preview:large","max-video-preview":"max-video-preview:-1"},"canonical":"https:\/\/www.centroarco.com\/curso-de-ventas\/tutorias-del-curso-online-de-tecnicas-de-venta\/","og_locale":"en_US","og_type":"article","og_title":"(Espa\u00f1ol) Tutor\u00edas del curso de ventas","og_description":"(Espa\u00f1ol) Tutores altamente especializados y preparados atienden nuestro servicio de tutor\u00edas. Seguramente, el mejor servicio de tutor\u00edas de un curso de ventas.","og_url":"https:\/\/www.centroarco.com\/curso-de-ventas\/tutorias-del-curso-online-de-tecnicas-de-venta\/","og_site_name":"Center for High Commercial Performance","article_modified_time":"2017-01-26T23:20:37+00:00","og_image":[{"url":"http:\/\/www.centroarco.com\/wp-content\/uploads\/2017\/01\/tutorias-del-curso-de-ventas.jpg"}],"twitter_card":"summary","twitter_misc":{"Est. reading time":"4 minutes"},"schema":{"@context":"https:\/\/schema.org","@graph":[{"@type":"WebSite","@id":"https:\/\/www.centroarco.com\/en\/#website","url":"https:\/\/www.centroarco.com\/en\/","name":"Center for High Commercial Performance","description":"Online Course in Sales Techniques","potentialAction":[{"@type":"SearchAction","target":{"@type":"EntryPoint","urlTemplate":"https:\/\/www.centroarco.com\/en\/?s={search_term_string}"},"query-input":"required name=search_term_string"}],"inLanguage":"en-US"},{"@type":"ImageObject","@id":"https:\/\/www.centroarco.com\/curso-de-ventas\/tutorias-del-curso-online-de-tecnicas-de-venta\/#primaryimage","inLanguage":"en-US","url":"http:\/\/www.centroarco.com\/wp-content\/uploads\/2017\/01\/tutorias-del-curso-de-ventas.jpg","contentUrl":"http:\/\/www.centroarco.com\/wp-content\/uploads\/2017\/01\/tutorias-del-curso-de-ventas.jpg"},{"@type":"WebPage","@id":"https:\/\/www.centroarco.com\/curso-de-ventas\/tutorias-del-curso-online-de-tecnicas-de-venta\/#webpage","url":"https:\/\/www.centroarco.com\/curso-de-ventas\/tutorias-del-curso-online-de-tecnicas-de-venta\/","name":"(Espa\u00f1ol) Tutor\u00edas del curso de ventas","isPartOf":{"@id":"https:\/\/www.centroarco.com\/en\/#website"},"primaryImageOfPage":{"@id":"https:\/\/www.centroarco.com\/curso-de-ventas\/tutorias-del-curso-online-de-tecnicas-de-venta\/#primaryimage"},"datePublished":"2017-01-26T22:38:11+00:00","dateModified":"2017-01-26T23:20:37+00:00","description":"(Espa\u00f1ol) Tutores altamente especializados y preparados atienden nuestro servicio de tutor\u00edas. Seguramente, el mejor servicio de tutor\u00edas de un curso de ventas.","breadcrumb":{"@id":"https:\/\/www.centroarco.com\/curso-de-ventas\/tutorias-del-curso-online-de-tecnicas-de-venta\/#breadcrumb"},"inLanguage":"en-US","potentialAction":[{"@type":"ReadAction","target":["https:\/\/www.centroarco.com\/curso-de-ventas\/tutorias-del-curso-online-de-tecnicas-de-venta\/"]}]},{"@type":"BreadcrumbList","@id":"https:\/\/www.centroarco.com\/curso-de-ventas\/tutorias-del-curso-online-de-tecnicas-de-venta\/#breadcrumb","itemListElement":[{"@type":"ListItem","position":1,"name":"Portada","item":"https:\/\/www.centroarco.com\/en\/"},{"@type":"ListItem","position":2,"name":"Curso de ventas","item":"https:\/\/www.centroarco.com\/curso-de-ventas\/"},{"@type":"ListItem","position":3,"name":"(Espa\u00f1ol) Tutor\u00edas del curso online de t\u00e9cnicas de venta"}]}]}},"_links":{"self":[{"href":"https:\/\/www.centroarco.com\/en\/wp-json\/wp\/v2\/pages\/876"}],"collection":[{"href":"https:\/\/www.centroarco.com\/en\/wp-json\/wp\/v2\/pages"}],"about":[{"href":"https:\/\/www.centroarco.com\/en\/wp-json\/wp\/v2\/types\/page"}],"author":[{"embeddable":true,"href":"https:\/\/www.centroarco.com\/en\/wp-json\/wp\/v2\/users\/1"}],"replies":[{"embeddable":true,"href":"https:\/\/www.centroarco.com\/en\/wp-json\/wp\/v2\/comments?post=876"}],"version-history":[{"count":6,"href":"https:\/\/www.centroarco.com\/en\/wp-json\/wp\/v2\/pages\/876\/revisions"}],"predecessor-version":[{"id":885,"href":"https:\/\/www.centroarco.com\/en\/wp-json\/wp\/v2\/pages\/876\/revisions\/885"}],"up":[{"embeddable":true,"href":"https:\/\/www.centroarco.com\/en\/wp-json\/wp\/v2\/pages\/466"}],"wp:attachment":[{"href":"https:\/\/www.centroarco.com\/en\/wp-json\/wp\/v2\/media?parent=876"}],"curies":[{"name":"wp","href":"https:\/\/api.w.org\/{rel}","templated":true}]}}