{"id":807,"date":"2017-01-20T21:21:10","date_gmt":"2017-01-20T20:21:10","guid":{"rendered":"http:\/\/www.centroarco.com\/?page_id=807"},"modified":"2024-03-06T13:29:48","modified_gmt":"2024-03-06T12:29:48","slug":"curso-de-motivacion","status":"publish","type":"page","link":"https:\/\/www.centroarco.com\/en\/espanol-curso-de-motivacion\/","title":{"rendered":"(Espa\u00f1ol) Curso de motivaci\u00f3n"},"content":{"rendered":"<div id=\"pl-807\" class=\"panel-layout\">\n<div id=\"pg-807-0\" class=\"panel-grid panel-no-style\">\n<div id=\"pgc-807-0-0\" class=\"panel-grid-cell\" data-weight=\"1\">\n<div id=\"panel-807-0-0-0\" class=\"so-panel widget widget_sow-editor panel-first-child panel-last-child\" data-index=\"0\">\n<div class=\"so-widget-sow-editor so-widget-sow-editor-base\">\n<div class=\"siteorigin-widget-tinymce textwidget\">Este curso online est\u00e1 especialmente dirigido a aquellas personas que, por sus funciones, tengan que motivar e influir en otras. Por ejemplo: gerentes, directores, encargados, responsables de equipo y cualquier persona que desee aprender t\u00e9cnicas para influir sobre la energ\u00eda que ponen otras personas en el desempe\u00f1o de sus funciones.<\/p>\n<p>El alumno de este curso online de motivaci\u00f3n <strong>finalizar\u00e1 el curso sabiendo c\u00f3mo motivar a otra persona.<\/strong> Su equipo de trabajo adoptar\u00e1 una actitud mucho m\u00e1s positiva, y un mayor deseo por lograr los objetivos marcados.<\/p>\n<p>El curso online tiene tambi\u00e9n un componente de actuaci\u00f3n hacia uno mismo. En este curso online los asistentes aprender\u00e1n t\u00e9cnicas psicol\u00f3gicas para<strong> auto-motivarse antes situaciones dif\u00edciles.<\/strong><\/p>\n<h2>Objetivos espec\u00edficos del curso online de motivaci\u00f3n<\/h2>\n<ul>\n<li>Aprender a detectar los niveles de motivaci\u00f3n de cada miembro de un equipo.<\/li>\n<li>Aprender t\u00e9cnicas espec\u00edficas para motivar a otra persona<\/li>\n<li>Aprender c\u00f3mo ser una persona m\u00e1s positiva y motivada<\/li>\n<\/ul>\n<h2>Metodolog\u00eda<\/h2>\n<p>Curso<strong> 100% online. <\/strong>Est\u00e1 basado en lecciones en texto, v\u00eddeos, ejercicios, an\u00e1lisis de casos pr\u00e1cticos y actividades. En ellas se busca la mejora de habilidades, y el desarrollo de t\u00e9cnicas concretas.<\/p>\n<p>Dispone de un <strong>tutor de apoyo<\/strong> que resolver\u00e1 sus dudas y preguntas del curso.<\/p>\n<blockquote><p>&#8220;Uno termina el curso con las pilas cargadas, y con conocimientos para saber c\u00f3mo motivar a los dem\u00e1s.&#8221;<\/p><\/blockquote>\n<h2><\/h2>\n<h2>Duraci\u00f3n del curso de motivaci\u00f3n online<\/h2>\n<p>La duraci\u00f3n del curso online es de <strong>30\u00a0horas. <\/strong><\/p>\n<p>El curso se puede comenzar desde el mismo momento en el que se realiza la matr\u00edcula. El aula virtual permanece abierta durante 3 meses.<\/p>\n<p><img loading=\"lazy\" class=\"aligncenter wp-image-823 size-full\" title=\"curso de motivacion\" src=\"http:\/\/www.centroarco.com\/wp-content\/uploads\/2017\/01\/curso-de-motivacion.jpg\" alt=\"curso de motivacion\" width=\"400\" height=\"231\" \/><\/p>\n<h2>Contenidos del curso online de motivaci\u00f3n<\/h2>\n<p><strong>1. Principios motivacionales\u00a0<\/strong><\/p>\n<ul>\n<li>\u00bfQu\u00e9 motiva y qu\u00e9 desmotiva a las personas? Principales teor\u00edas de la motivaci\u00f3n.<\/li>\n<li>La interacci\u00f3n con los trabajadores para detectar su motivaci\u00f3n.<\/li>\n<li>T\u00e9cnicas espec\u00edficas para detectar el nivel de motivaci\u00f3n<\/li>\n<\/ul>\n<p><strong>2. T\u00e9cnicas de comunicaci\u00f3n para motivar a otras personas<\/strong><\/p>\n<ul>\n<li>Motivar en reuniones de equipo<\/li>\n<li>Motivar en evaluaciones peri\u00f3dicas del rendimiento<\/li>\n<li>Motivar en el d\u00eda a d\u00eda<\/li>\n<li>Motivar a trav\u00e9s de transmitir una visi\u00f3n y objetivos \u00faltimos del trabajo.<\/li>\n<\/ul>\n<p><strong>3. T\u00e9cnicas organizacionales para motivar a otras personas<\/strong><\/p>\n<ul>\n<li>Los incentivos<\/li>\n<li>El salario emocional<\/li>\n<\/ul>\n<p><strong>4. C\u00f3mo mejorar la automotivaci\u00f3n\u00a0<\/strong><\/p>\n<ul>\n<li>La importancia de la auto-motivaci\u00f3n<\/li>\n<li>La relaci\u00f3n de la automotivaci\u00f3n con la salud f\u00edsica<\/li>\n<li>10 pasos pr\u00e1cticos para convertirse en una persona positiva<\/li>\n<li>C\u00f3mo lograr automotivaci\u00f3n ante un cambio organizacional.<\/li>\n<li>La auto-motivaci\u00f3n en situaciones dif\u00edciles.<\/li>\n<\/ul>\n<h2 id=\"matricula\">Matr\u00edcula<\/h2>\n<p>Precio: <span style=\"color: #ff0000;\"><del>150 \u20ac<\/del> <\/span>Oferta durante esta semana: 59\u20ac \u20ac\/alumno.<\/p>\n<p>Puede iniciar el curso tras realizar su matr\u00edcula a trav\u00e9s del men\u00fa superior: &#8220;Aula Virtual&#8221;.<\/p>\n<p><a class=\"enigma_blog_read_btn\" href=\"http:\/\/www.centroarco.com\/matriculate?idcurso=2\">Matr\u00edcula<\/a><\/p>\n<h2>Garant\u00eda de satisfacci\u00f3n del curso online<\/h2>\n<p>Entendemos que le preocupe matricularse en un curso online. Es por eso que le ofrecemos una<strong> garant\u00eda de satisfacci\u00f3n y confianza online.<\/strong><\/p>\n<blockquote><p>Si una vez finalizado no quedase satisfecho con el curso online, le devolvemos el dinero.<\/p><\/blockquote>\n<p>Consulte nuestra garant\u00eda de satisfacci\u00f3n.<\/p>\n<h2>Otros cursos online que ofrecemos:<\/h2>\n<ul>\n<li><a href=\"http:\/\/www.centroarco.com\/curso-de-ventas\/cursos-presenciales-de-tecnicas-de-venta\/\">Curso de t\u00e9cnicas de venta<\/a><\/li>\n<li><a href=\"http:\/\/www.centroarco.com\/curso-de-gestion-del-tiempo-formadores-expertos\/\">Curso de gesti\u00f3n del tiempo<\/a><\/li>\n<li><a href=\"http:\/\/www.centroarco.com\/curso-de-negociacion\/\">Curso de negociaci\u00f3n<\/a><\/li>\n<li><a href=\"http:\/\/www.centroarco.com\/curso-de-formador-de-formadores-formadores-expertos\/\">Curso de formador de formadores y c\u00f3mo hablar en p\u00fablico<\/a><\/li>\n<li><a href=\"http:\/\/www.centroarco.com\/curso-de-liderazgo-y-gestion-de-equipos-de-trabajo\/\">Curso de liderazgo y gesti\u00f3n de equipos de trabajo<\/a><\/li>\n<li><a href=\"http:\/\/www.centroarco.com\/curso-de-inteligencia-emocional\/\">Curso de inteligencia emocional<\/a><\/li>\n<li><a href=\"http:\/\/www.centroarco.com\/curso-de-comunicacion-y-resolucion-de-conflictos\/\">Curso de comunicaci\u00f3n y resoluci\u00f3n de conflictos<\/a><\/li>\n<\/ul>\n<\/div>\n<\/div>\n<\/div>\n<\/div>\n<\/div>\n<\/div>","protected":false},"excerpt":{"rendered":"<p>Este curso online est\u00e1 especialmente dirigido a aquellas personas que, por sus funciones, tengan que motivar e influir en otras. Por ejemplo: gerentes, directores, encargados, responsables de equipo y cualquier persona que desee aprender t\u00e9cnicas para influir sobre la energ\u00eda que ponen otras personas en el desempe\u00f1o de sus funciones. El alumno de este curso<\/p>\n","protected":false},"author":1,"featured_media":0,"parent":0,"menu_order":0,"comment_status":"closed","ping_status":"closed","template":"","meta":[],"yoast_head":"<!-- This site is optimized with the Yoast SEO plugin v18.5.1 - https:\/\/yoast.com\/wordpress\/plugins\/seo\/ -->\n<title>(Espa\u00f1ol) Curso de motivaci\u00f3n<\/title>\n<meta name=\"description\" content=\"(Espa\u00f1ol) Aprende t\u00e9cnicas para motivar a tu equipo para que rindan al 100%, con ganas y energ\u00eda. Y aprende t\u00e9cnicas para auto-motivarte ante situaciones dif\u00edciles\" \/>\n<meta name=\"robots\" content=\"index, follow, max-snippet:-1, max-image-preview:large, max-video-preview:-1\" \/>\n<link rel=\"canonical\" href=\"https:\/\/www.centroarco.com\/curso-de-motivacion\/\" \/>\n<meta property=\"og:locale\" content=\"en_US\" \/>\n<meta property=\"og:type\" content=\"article\" \/>\n<meta property=\"og:title\" content=\"[:es]Curso de motivaci\u00f3n[:]\" \/>\n<meta property=\"og:description\" content=\"{:es}Aprende t\u00e9cnicas para motivar a tu equipo para que rindan al 100%, con ganas y energ\u00eda. Y aprende t\u00e9cnicas para auto-motivarte ante situaciones dif\u00edciles{:}\" \/>\n<meta property=\"og:url\" content=\"https:\/\/www.centroarco.com\/curso-de-motivacion\/\" \/>\n<meta property=\"og:site_name\" content=\"Center for High Commercial Performance\" \/>\n<meta property=\"article:modified_time\" content=\"2024-03-06T12:29:48+00:00\" \/>\n<meta property=\"og:image\" content=\"http:\/\/www.centroarco.com\/wp-content\/uploads\/2017\/01\/curso-de-motivacion.jpg\" \/>\n<meta name=\"twitter:card\" content=\"summary\" \/>\n<meta name=\"twitter:label1\" content=\"Est. reading time\" \/>\n\t<meta name=\"twitter:data1\" content=\"3 minutes\" \/>\n<script type=\"application\/ld+json\" class=\"yoast-schema-graph\">{\"@context\":\"https:\/\/schema.org\",\"@graph\":[{\"@type\":\"WebSite\",\"@id\":\"https:\/\/www.centroarco.com\/en\/#website\",\"url\":\"https:\/\/www.centroarco.com\/en\/\",\"name\":\"Center for High Commercial Performance\",\"description\":\"Online Course in Sales Techniques\",\"potentialAction\":[{\"@type\":\"SearchAction\",\"target\":{\"@type\":\"EntryPoint\",\"urlTemplate\":\"https:\/\/www.centroarco.com\/en\/?s={search_term_string}\"},\"query-input\":\"required name=search_term_string\"}],\"inLanguage\":\"en-US\"},{\"@type\":\"ImageObject\",\"@id\":\"https:\/\/www.centroarco.com\/curso-de-motivacion\/#primaryimage\",\"inLanguage\":\"en-US\",\"url\":\"http:\/\/www.centroarco.com\/wp-content\/uploads\/2017\/01\/curso-de-motivacion.jpg\",\"contentUrl\":\"http:\/\/www.centroarco.com\/wp-content\/uploads\/2017\/01\/curso-de-motivacion.jpg\"},{\"@type\":\"WebPage\",\"@id\":\"https:\/\/www.centroarco.com\/curso-de-motivacion\/#webpage\",\"url\":\"https:\/\/www.centroarco.com\/curso-de-motivacion\/\",\"name\":\"[:es]Curso de motivaci\u00f3n[:]\",\"isPartOf\":{\"@id\":\"https:\/\/www.centroarco.com\/en\/#website\"},\"primaryImageOfPage\":{\"@id\":\"https:\/\/www.centroarco.com\/curso-de-motivacion\/#primaryimage\"},\"datePublished\":\"2017-01-20T20:21:10+00:00\",\"dateModified\":\"2024-03-06T12:29:48+00:00\",\"description\":\"{:es}Aprende t\u00e9cnicas para motivar a tu equipo para que rindan al 100%, con ganas y energ\u00eda. Y aprende t\u00e9cnicas para auto-motivarte ante situaciones dif\u00edciles{:}\",\"breadcrumb\":{\"@id\":\"https:\/\/www.centroarco.com\/curso-de-motivacion\/#breadcrumb\"},\"inLanguage\":\"en-US\",\"potentialAction\":[{\"@type\":\"ReadAction\",\"target\":[\"https:\/\/www.centroarco.com\/curso-de-motivacion\/\"]}]},{\"@type\":\"BreadcrumbList\",\"@id\":\"https:\/\/www.centroarco.com\/curso-de-motivacion\/#breadcrumb\",\"itemListElement\":[{\"@type\":\"ListItem\",\"position\":1,\"name\":\"Portada\",\"item\":\"https:\/\/www.centroarco.com\/en\/\"},{\"@type\":\"ListItem\",\"position\":2,\"name\":\"Curso de motivaci\u00f3n\"}]}]}<\/script>\n<!-- \/ Yoast SEO plugin. -->","yoast_head_json":{"title":"(Espa\u00f1ol) Curso de motivaci\u00f3n","description":"(Espa\u00f1ol) Aprende t\u00e9cnicas para motivar a tu equipo para que rindan al 100%, con ganas y energ\u00eda. Y aprende t\u00e9cnicas para auto-motivarte ante situaciones dif\u00edciles","robots":{"index":"index","follow":"follow","max-snippet":"max-snippet:-1","max-image-preview":"max-image-preview:large","max-video-preview":"max-video-preview:-1"},"canonical":"https:\/\/www.centroarco.com\/curso-de-motivacion\/","og_locale":"en_US","og_type":"article","og_title":"[:es]Curso de motivaci\u00f3n[:]","og_description":"{:es}Aprende t\u00e9cnicas para motivar a tu equipo para que rindan al 100%, con ganas y energ\u00eda. Y aprende t\u00e9cnicas para auto-motivarte ante situaciones dif\u00edciles{:}","og_url":"https:\/\/www.centroarco.com\/curso-de-motivacion\/","og_site_name":"Center for High Commercial Performance","article_modified_time":"2024-03-06T12:29:48+00:00","og_image":[{"url":"http:\/\/www.centroarco.com\/wp-content\/uploads\/2017\/01\/curso-de-motivacion.jpg"}],"twitter_card":"summary","twitter_misc":{"Est. reading time":"3 minutes"},"schema":{"@context":"https:\/\/schema.org","@graph":[{"@type":"WebSite","@id":"https:\/\/www.centroarco.com\/en\/#website","url":"https:\/\/www.centroarco.com\/en\/","name":"Center for High Commercial Performance","description":"Online Course in Sales Techniques","potentialAction":[{"@type":"SearchAction","target":{"@type":"EntryPoint","urlTemplate":"https:\/\/www.centroarco.com\/en\/?s={search_term_string}"},"query-input":"required name=search_term_string"}],"inLanguage":"en-US"},{"@type":"ImageObject","@id":"https:\/\/www.centroarco.com\/curso-de-motivacion\/#primaryimage","inLanguage":"en-US","url":"http:\/\/www.centroarco.com\/wp-content\/uploads\/2017\/01\/curso-de-motivacion.jpg","contentUrl":"http:\/\/www.centroarco.com\/wp-content\/uploads\/2017\/01\/curso-de-motivacion.jpg"},{"@type":"WebPage","@id":"https:\/\/www.centroarco.com\/curso-de-motivacion\/#webpage","url":"https:\/\/www.centroarco.com\/curso-de-motivacion\/","name":"[:es]Curso de motivaci\u00f3n[:]","isPartOf":{"@id":"https:\/\/www.centroarco.com\/en\/#website"},"primaryImageOfPage":{"@id":"https:\/\/www.centroarco.com\/curso-de-motivacion\/#primaryimage"},"datePublished":"2017-01-20T20:21:10+00:00","dateModified":"2024-03-06T12:29:48+00:00","description":"{:es}Aprende t\u00e9cnicas para motivar a tu equipo para que rindan al 100%, con ganas y energ\u00eda. Y aprende t\u00e9cnicas para auto-motivarte ante situaciones dif\u00edciles{:}","breadcrumb":{"@id":"https:\/\/www.centroarco.com\/curso-de-motivacion\/#breadcrumb"},"inLanguage":"en-US","potentialAction":[{"@type":"ReadAction","target":["https:\/\/www.centroarco.com\/curso-de-motivacion\/"]}]},{"@type":"BreadcrumbList","@id":"https:\/\/www.centroarco.com\/curso-de-motivacion\/#breadcrumb","itemListElement":[{"@type":"ListItem","position":1,"name":"Portada","item":"https:\/\/www.centroarco.com\/en\/"},{"@type":"ListItem","position":2,"name":"Curso de motivaci\u00f3n"}]}]}},"_links":{"self":[{"href":"https:\/\/www.centroarco.com\/en\/wp-json\/wp\/v2\/pages\/807"}],"collection":[{"href":"https:\/\/www.centroarco.com\/en\/wp-json\/wp\/v2\/pages"}],"about":[{"href":"https:\/\/www.centroarco.com\/en\/wp-json\/wp\/v2\/types\/page"}],"author":[{"embeddable":true,"href":"https:\/\/www.centroarco.com\/en\/wp-json\/wp\/v2\/users\/1"}],"replies":[{"embeddable":true,"href":"https:\/\/www.centroarco.com\/en\/wp-json\/wp\/v2\/comments?post=807"}],"version-history":[{"count":32,"href":"https:\/\/www.centroarco.com\/en\/wp-json\/wp\/v2\/pages\/807\/revisions"}],"predecessor-version":[{"id":1482,"href":"https:\/\/www.centroarco.com\/en\/wp-json\/wp\/v2\/pages\/807\/revisions\/1482"}],"wp:attachment":[{"href":"https:\/\/www.centroarco.com\/en\/wp-json\/wp\/v2\/media?parent=807"}],"curies":[{"name":"wp","href":"https:\/\/api.w.org\/{rel}","templated":true}]}}