{"id":789,"date":"2017-01-20T16:43:58","date_gmt":"2017-01-20T15:43:58","guid":{"rendered":"http:\/\/www.centroarco.com\/?page_id=789"},"modified":"2025-07-11T11:47:27","modified_gmt":"2025-07-11T09:47:27","slug":"curso-de-liderazgo-y-gestion-de-equipos-de-trabajo","status":"publish","type":"page","link":"https:\/\/www.centroarco.com\/en\/espanol-curso-de-liderazgo-y-gestion-de-equipos\/","title":{"rendered":"(Espa\u00f1ol) Curso de liderazgo y gesti\u00f3n de equipos"},"content":{"rendered":"<p class=\"qtranxs-available-languages-message qtranxs-available-languages-message-en\">Sorry, this entry is only available in <a href=\"https:\/\/www.centroarco.com\/es\/wp-json\/wp\/v2\/pages\/789\" class=\"qtranxs-available-language-link qtranxs-available-language-link-es\" title=\"Espa\u00f1ol\">European Spanish<\/a>.<\/p>","protected":false},"excerpt":{"rendered":"<p>Sorry, this entry is only available in European Spanish.<\/p>\n","protected":false},"author":1,"featured_media":0,"parent":0,"menu_order":0,"comment_status":"closed","ping_status":"closed","template":"","meta":[],"yoast_head":"<!-- This site is optimized with the Yoast SEO plugin v18.5.1 - https:\/\/yoast.com\/wordpress\/plugins\/seo\/ -->\n<title>(Espa\u00f1ol) Curso de liderazgo y gesti\u00f3n de personas<\/title>\n<meta name=\"description\" content=\"(Espa\u00f1ol) Curso pr\u00e1ctico para aprender a generar influencia sobre los equipos de trabajo y aprender a ser un l\u00edder eficaz.\" \/>\n<meta name=\"robots\" content=\"index, follow, max-snippet:-1, max-image-preview:large, max-video-preview:-1\" \/>\n<link rel=\"canonical\" href=\"https:\/\/www.centroarco.com\/curso-de-liderazgo-y-gestion-de-equipos\/\" \/>\n<meta property=\"og:locale\" content=\"en_US\" \/>\n<meta property=\"og:type\" content=\"article\" \/>\n<meta property=\"og:title\" content=\"[:es]Curso de liderazgo y gesti\u00f3n de personas[:]\" \/>\n<meta property=\"og:description\" content=\"{:es}Curso pr\u00e1ctico para aprender a generar influencia sobre los equipos de trabajo y aprender a ser un l\u00edder eficaz.{:}\" \/>\n<meta property=\"og:url\" content=\"https:\/\/www.centroarco.com\/curso-de-liderazgo-y-gestion-de-equipos\/\" \/>\n<meta property=\"og:site_name\" content=\"Center for High Commercial Performance\" \/>\n<meta property=\"article:modified_time\" content=\"2025-07-11T09:47:27+00:00\" \/>\n<meta property=\"og:image\" content=\"http:\/\/www.centroarco.com\/wp-content\/uploads\/2017\/01\/curso-de-liderazgo-300x134.jpg\" \/>\n<meta name=\"twitter:card\" content=\"summary\" \/>\n<meta name=\"twitter:label1\" content=\"Est. reading time\" \/>\n\t<meta name=\"twitter:data1\" content=\"4 minutes\" \/>\n<script type=\"application\/ld+json\" class=\"yoast-schema-graph\">{\"@context\":\"https:\/\/schema.org\",\"@graph\":[{\"@type\":\"WebSite\",\"@id\":\"https:\/\/www.centroarco.com\/en\/#website\",\"url\":\"https:\/\/www.centroarco.com\/en\/\",\"name\":\"Center for High Commercial Performance\",\"description\":\"Online Course in Sales Techniques\",\"potentialAction\":[{\"@type\":\"SearchAction\",\"target\":{\"@type\":\"EntryPoint\",\"urlTemplate\":\"https:\/\/www.centroarco.com\/en\/?s={search_term_string}\"},\"query-input\":\"required name=search_term_string\"}],\"inLanguage\":\"en-US\"},{\"@type\":\"ImageObject\",\"@id\":\"https:\/\/www.centroarco.com\/curso-de-liderazgo-y-gestion-de-equipos\/#primaryimage\",\"inLanguage\":\"en-US\",\"url\":\"http:\/\/www.centroarco.com\/wp-content\/uploads\/2017\/01\/curso-de-liderazgo-300x134.jpg\",\"contentUrl\":\"http:\/\/www.centroarco.com\/wp-content\/uploads\/2017\/01\/curso-de-liderazgo-300x134.jpg\"},{\"@type\":\"WebPage\",\"@id\":\"https:\/\/www.centroarco.com\/curso-de-liderazgo-y-gestion-de-equipos\/#webpage\",\"url\":\"https:\/\/www.centroarco.com\/curso-de-liderazgo-y-gestion-de-equipos\/\",\"name\":\"[:es]Curso de liderazgo y gesti\u00f3n de personas[:]\",\"isPartOf\":{\"@id\":\"https:\/\/www.centroarco.com\/en\/#website\"},\"primaryImageOfPage\":{\"@id\":\"https:\/\/www.centroarco.com\/curso-de-liderazgo-y-gestion-de-equipos\/#primaryimage\"},\"datePublished\":\"2017-01-20T15:43:58+00:00\",\"dateModified\":\"2025-07-11T09:47:27+00:00\",\"description\":\"{:es}Curso pr\u00e1ctico para aprender a generar influencia sobre los equipos de trabajo y aprender a ser un l\u00edder eficaz.{:}\",\"breadcrumb\":{\"@id\":\"https:\/\/www.centroarco.com\/curso-de-liderazgo-y-gestion-de-equipos\/#breadcrumb\"},\"inLanguage\":\"en-US\",\"potentialAction\":[{\"@type\":\"ReadAction\",\"target\":[\"https:\/\/www.centroarco.com\/curso-de-liderazgo-y-gestion-de-equipos\/\"]}]},{\"@type\":\"BreadcrumbList\",\"@id\":\"https:\/\/www.centroarco.com\/curso-de-liderazgo-y-gestion-de-equipos\/#breadcrumb\",\"itemListElement\":[{\"@type\":\"ListItem\",\"position\":1,\"name\":\"Portada\",\"item\":\"https:\/\/www.centroarco.com\/en\/\"},{\"@type\":\"ListItem\",\"position\":2,\"name\":\"Curso de liderazgo y gesti\u00f3n de equipos\"}]}]}<\/script>\n<!-- \/ Yoast SEO plugin. -->","yoast_head_json":{"title":"(Espa\u00f1ol) Curso de liderazgo y gesti\u00f3n de personas","description":"(Espa\u00f1ol) Curso pr\u00e1ctico para aprender a generar influencia sobre los equipos de trabajo y aprender a ser un l\u00edder eficaz.","robots":{"index":"index","follow":"follow","max-snippet":"max-snippet:-1","max-image-preview":"max-image-preview:large","max-video-preview":"max-video-preview:-1"},"canonical":"https:\/\/www.centroarco.com\/curso-de-liderazgo-y-gestion-de-equipos\/","og_locale":"en_US","og_type":"article","og_title":"[:es]Curso de liderazgo y gesti\u00f3n de personas[:]","og_description":"{:es}Curso pr\u00e1ctico para aprender a generar influencia sobre los equipos de trabajo y aprender a ser un l\u00edder eficaz.{:}","og_url":"https:\/\/www.centroarco.com\/curso-de-liderazgo-y-gestion-de-equipos\/","og_site_name":"Center for High Commercial Performance","article_modified_time":"2025-07-11T09:47:27+00:00","og_image":[{"url":"http:\/\/www.centroarco.com\/wp-content\/uploads\/2017\/01\/curso-de-liderazgo-300x134.jpg"}],"twitter_card":"summary","twitter_misc":{"Est. reading time":"4 minutes"},"schema":{"@context":"https:\/\/schema.org","@graph":[{"@type":"WebSite","@id":"https:\/\/www.centroarco.com\/en\/#website","url":"https:\/\/www.centroarco.com\/en\/","name":"Center for High Commercial Performance","description":"Online Course in Sales Techniques","potentialAction":[{"@type":"SearchAction","target":{"@type":"EntryPoint","urlTemplate":"https:\/\/www.centroarco.com\/en\/?s={search_term_string}"},"query-input":"required name=search_term_string"}],"inLanguage":"en-US"},{"@type":"ImageObject","@id":"https:\/\/www.centroarco.com\/curso-de-liderazgo-y-gestion-de-equipos\/#primaryimage","inLanguage":"en-US","url":"http:\/\/www.centroarco.com\/wp-content\/uploads\/2017\/01\/curso-de-liderazgo-300x134.jpg","contentUrl":"http:\/\/www.centroarco.com\/wp-content\/uploads\/2017\/01\/curso-de-liderazgo-300x134.jpg"},{"@type":"WebPage","@id":"https:\/\/www.centroarco.com\/curso-de-liderazgo-y-gestion-de-equipos\/#webpage","url":"https:\/\/www.centroarco.com\/curso-de-liderazgo-y-gestion-de-equipos\/","name":"[:es]Curso de liderazgo y gesti\u00f3n de personas[:]","isPartOf":{"@id":"https:\/\/www.centroarco.com\/en\/#website"},"primaryImageOfPage":{"@id":"https:\/\/www.centroarco.com\/curso-de-liderazgo-y-gestion-de-equipos\/#primaryimage"},"datePublished":"2017-01-20T15:43:58+00:00","dateModified":"2025-07-11T09:47:27+00:00","description":"{:es}Curso pr\u00e1ctico para aprender a generar influencia sobre los equipos de trabajo y aprender a ser un l\u00edder eficaz.{:}","breadcrumb":{"@id":"https:\/\/www.centroarco.com\/curso-de-liderazgo-y-gestion-de-equipos\/#breadcrumb"},"inLanguage":"en-US","potentialAction":[{"@type":"ReadAction","target":["https:\/\/www.centroarco.com\/curso-de-liderazgo-y-gestion-de-equipos\/"]}]},{"@type":"BreadcrumbList","@id":"https:\/\/www.centroarco.com\/curso-de-liderazgo-y-gestion-de-equipos\/#breadcrumb","itemListElement":[{"@type":"ListItem","position":1,"name":"Portada","item":"https:\/\/www.centroarco.com\/en\/"},{"@type":"ListItem","position":2,"name":"Curso de liderazgo y gesti\u00f3n de equipos"}]}]}},"_links":{"self":[{"href":"https:\/\/www.centroarco.com\/en\/wp-json\/wp\/v2\/pages\/789"}],"collection":[{"href":"https:\/\/www.centroarco.com\/en\/wp-json\/wp\/v2\/pages"}],"about":[{"href":"https:\/\/www.centroarco.com\/en\/wp-json\/wp\/v2\/types\/page"}],"author":[{"embeddable":true,"href":"https:\/\/www.centroarco.com\/en\/wp-json\/wp\/v2\/users\/1"}],"replies":[{"embeddable":true,"href":"https:\/\/www.centroarco.com\/en\/wp-json\/wp\/v2\/comments?post=789"}],"version-history":[{"count":29,"href":"https:\/\/www.centroarco.com\/en\/wp-json\/wp\/v2\/pages\/789\/revisions"}],"predecessor-version":[{"id":1502,"href":"https:\/\/www.centroarco.com\/en\/wp-json\/wp\/v2\/pages\/789\/revisions\/1502"}],"wp:attachment":[{"href":"https:\/\/www.centroarco.com\/en\/wp-json\/wp\/v2\/media?parent=789"}],"curies":[{"name":"wp","href":"https:\/\/api.w.org\/{rel}","templated":true}]}}