{"id":76,"date":"2015-07-27T08:31:37","date_gmt":"2015-07-27T08:31:37","guid":{"rendered":"http:\/\/www.centroarco.com\/wp\/?page_id=76"},"modified":"2022-03-15T12:12:19","modified_gmt":"2022-03-15T11:12:19","slug":"informacion-sobre-la-fundacion-tripartita","status":"publish","type":"page","link":"https:\/\/www.centroarco.com\/en\/course-in-sales-techniques\/informacion-sobre-la-fundacion-tripartita\/","title":{"rendered":"Informaci\u00f3n sobre la Fundaci\u00f3n Tripartita"},"content":{"rendered":"<h3>Informaci\u00f3n para recuperar el coste del curso<\/h3>\n<p><strong>\u00a0<\/strong><\/p>\n<p>Esta informaci\u00f3n es aplicable a empresas espa\u00f1olas que coticen en el R\u00e9gimen General de la Seguridad Social. No es aplicable a empresas de fuera de Espa\u00f1a, ni a trabajadores aut\u00f3nomos.<\/p>\n<p>\u00a0<\/p>\n<p>Las <strong>empresas espa\u00f1olas que cotizan en el R\u00e9gimen General de la Seguridad Social<\/strong> por sus trabajadores disponen de una cantidad de dinero para utilizar en la formaci\u00f3n de sus trabajadores. Este dinero lo gestiona en Espa\u00f1a la Fundaci\u00f3n Tripartita.<\/p>\n<p>\u00a0<\/p>\n<p>Habitualmente a <strong>las empresas de 1 a 5 trabajadores se les otorga para formaci\u00f3n un m\u00ednimo de 420 \u20ac, lo que supone 2 matr\u00edculas completas en el curso de t\u00e9cnicas de venta<\/strong>. La cantidad total de dinero se va incrementando desde esta cifra, dependiendo \u00a0del n\u00famero de trabajadores y de las aportaciones que realicen a la seguridad social en concepto de formaci\u00f3n profesional.<\/p>\n<p>\u00a0<\/p>\n<h3>\u00bfConoces el cr\u00e9dito del que dispone tu empresa para formaci\u00f3n?<\/h3>\n<p>Desde el Centro ARCO podemos consultar de cu\u00e1nto dinero dispone tu empresa para formaci\u00f3n, envi\u00e1ndonos cubierto este <a href=\"http:\/\/www.centroarco.com\/wp-content\/uploads\/2015\/07\/documento-de-adhesi\u00f3n.pdf\">Documento de adhesi\u00f3n<\/a>\u00a0a info@centroarco.com. El env\u00edo de este documento no te compromete a realizar la formaci\u00f3n.<\/p>\n<p>\u00a0<\/p>\n<p>Si deseas obtener la bonificaci\u00f3n de la Fundaci\u00f3n Tripartita <strong>el Centro ARCO se encargar\u00e1 gratuitamente de todas las gestiones.<\/strong><\/p>\n<p>\u00a0<\/p>\n<h3>Pasos para recuperar el importe de la formaci\u00f3n:<\/h3>\n<p>Env\u00eda\u00a0el <a href=\"http:\/\/www.centroarco.com\/wp-content\/uploads\/2015\/07\/documento-de-adhesi\u00f3n.pdf\">documento de adhesi\u00f3n<\/a>\u00a0a <a href=\"mailto:info@centroarco.com\">info@centroarco.com<\/a><\/p>\n<ol>\n<li>Inscribe a cada alumno desde <a href=\"http:\/\/www.centroarco.com\">centroarco.com<\/a> y efect\u00faa el pago del curso online de t\u00e9cnicas de venta.<\/li>\n<li>Env\u00edanos esta documentaci\u00f3n a <a href=\"mailto:info@centroarco.com\">info@centroarco.com<\/a>\n<ul>\n<li><a href=\"http:\/\/www.centroarco.com\/wp-content\/uploads\/2015\/07\/Ficha-de-alumnos.xls\">Ficha de alumnos<\/a><\/li>\n<li><a href=\"http:\/\/www.centroarco.com\/wp-content\/uploads\/2015\/07\/Datos-del-curso.doc\">Datos del curso<\/a><\/li>\n<\/ul>\n<\/li>\n<li>El alumno realiza el curso y lo finaliza.<\/li>\n<li>La empresa recibe una documentaci\u00f3n de Centro ARCO, con la que recupera el importe de la factura del curso, en forma de descuentos en las cuotas de la seguridad social de los trabajadores.<\/li>\n<\/ol>\n<p>\u00a0<\/p>\n<p>Cualquier duda o pregunta que te surja, escr\u00edbenos a <a href=\"mailto:info@centroarco.com\">info@centroarco.com<\/a> o ll\u00e1manos por tel\u00e9fono al n\u00famero que aparece en la parte superior de la web.<\/p>\n<p>\u00a0<\/p>\n<p>\u00a0<\/p>\n<p><a class=\"enigma_blog_read_btn animated bounceInUp btnn\" href=\"http:\/\/www.centroarco.com\/en\/enrolment\">Enrol here<\/a>","protected":false},"excerpt":{"rendered":"<p>Informaci\u00f3n para recuperar el coste del curso \u00a0 Esta informaci\u00f3n es aplicable a empresas espa\u00f1olas que coticen en el R\u00e9gimen General de la Seguridad Social. No es aplicable a empresas de fuera de Espa\u00f1a, ni a trabajadores aut\u00f3nomos. \u00a0 Las empresas espa\u00f1olas que cotizan en el R\u00e9gimen General de la Seguridad Social por sus trabajadores<\/p>\n","protected":false},"author":1,"featured_media":0,"parent":466,"menu_order":0,"comment_status":"closed","ping_status":"closed","template":"","meta":[],"yoast_head":"<!-- This site is optimized with the Yoast SEO plugin v18.5.1 - https:\/\/yoast.com\/wordpress\/plugins\/seo\/ -->\n<title>(Espa\u00f1ol) Bonificaci\u00f3n de la formaci\u00f3n | Curso de ventas<\/title>\n<meta name=\"description\" content=\"(Espa\u00f1ol) Te explicamos c\u00f3mo puedes recuperar el dinero que te cuesta el curso, en forma de descuentos en las cuotas de la seguridad social.\" \/>\n<meta name=\"robots\" content=\"index, follow, max-snippet:-1, max-image-preview:large, max-video-preview:-1\" \/>\n<link rel=\"canonical\" href=\"https:\/\/www.centroarco.com\/curso-de-ventas\/informacion-sobre-la-fundacion-tripartita\/\" \/>\n<meta property=\"og:locale\" content=\"en_US\" \/>\n<meta property=\"og:type\" content=\"article\" \/>\n<meta property=\"og:title\" content=\"(Espa\u00f1ol) Bonificaci\u00f3n de la formaci\u00f3n | Curso de ventas\" \/>\n<meta property=\"og:description\" content=\"(Espa\u00f1ol) Te explicamos c\u00f3mo puedes recuperar el dinero que te cuesta el curso, en forma de descuentos en las cuotas de la seguridad social.\" \/>\n<meta property=\"og:url\" content=\"https:\/\/www.centroarco.com\/curso-de-ventas\/informacion-sobre-la-fundacion-tripartita\/\" \/>\n<meta property=\"og:site_name\" content=\"Center for High Commercial Performance\" \/>\n<meta property=\"article:modified_time\" content=\"2022-03-15T11:12:19+00:00\" \/>\n<meta name=\"twitter:card\" content=\"summary\" \/>\n<meta name=\"twitter:label1\" content=\"Est. reading time\" \/>\n\t<meta name=\"twitter:data1\" content=\"3 minutes\" \/>\n<script type=\"application\/ld+json\" class=\"yoast-schema-graph\">{\"@context\":\"https:\/\/schema.org\",\"@graph\":[{\"@type\":\"WebSite\",\"@id\":\"https:\/\/www.centroarco.com\/en\/#website\",\"url\":\"https:\/\/www.centroarco.com\/en\/\",\"name\":\"Center for High Commercial Performance\",\"description\":\"Online Course in Sales Techniques\",\"potentialAction\":[{\"@type\":\"SearchAction\",\"target\":{\"@type\":\"EntryPoint\",\"urlTemplate\":\"https:\/\/www.centroarco.com\/en\/?s={search_term_string}\"},\"query-input\":\"required name=search_term_string\"}],\"inLanguage\":\"en-US\"},{\"@type\":\"WebPage\",\"@id\":\"https:\/\/www.centroarco.com\/curso-de-ventas\/informacion-sobre-la-fundacion-tripartita\/#webpage\",\"url\":\"https:\/\/www.centroarco.com\/curso-de-ventas\/informacion-sobre-la-fundacion-tripartita\/\",\"name\":\"(Espa\u00f1ol) Bonificaci\u00f3n de la formaci\u00f3n | Curso de ventas\",\"isPartOf\":{\"@id\":\"https:\/\/www.centroarco.com\/en\/#website\"},\"datePublished\":\"2015-07-27T08:31:37+00:00\",\"dateModified\":\"2022-03-15T11:12:19+00:00\",\"description\":\"(Espa\u00f1ol) Te explicamos c\u00f3mo puedes recuperar el dinero que te cuesta el curso, en forma de descuentos en las cuotas de la seguridad social.\",\"breadcrumb\":{\"@id\":\"https:\/\/www.centroarco.com\/curso-de-ventas\/informacion-sobre-la-fundacion-tripartita\/#breadcrumb\"},\"inLanguage\":\"en-US\",\"potentialAction\":[{\"@type\":\"ReadAction\",\"target\":[\"https:\/\/www.centroarco.com\/curso-de-ventas\/informacion-sobre-la-fundacion-tripartita\/\"]}]},{\"@type\":\"BreadcrumbList\",\"@id\":\"https:\/\/www.centroarco.com\/curso-de-ventas\/informacion-sobre-la-fundacion-tripartita\/#breadcrumb\",\"itemListElement\":[{\"@type\":\"ListItem\",\"position\":1,\"name\":\"Portada\",\"item\":\"https:\/\/www.centroarco.com\/en\/\"},{\"@type\":\"ListItem\",\"position\":2,\"name\":\"Curso de ventas\",\"item\":\"https:\/\/www.centroarco.com\/curso-de-ventas\/\"},{\"@type\":\"ListItem\",\"position\":3,\"name\":\"Informaci\u00f3n sobre la Fundaci\u00f3n Tripartita\"}]}]}<\/script>\n<!-- \/ Yoast SEO plugin. -->","yoast_head_json":{"title":"(Espa\u00f1ol) Bonificaci\u00f3n de la formaci\u00f3n | Curso de ventas","description":"(Espa\u00f1ol) Te explicamos c\u00f3mo puedes recuperar el dinero que te cuesta el curso, en forma de descuentos en las cuotas de la seguridad social.","robots":{"index":"index","follow":"follow","max-snippet":"max-snippet:-1","max-image-preview":"max-image-preview:large","max-video-preview":"max-video-preview:-1"},"canonical":"https:\/\/www.centroarco.com\/curso-de-ventas\/informacion-sobre-la-fundacion-tripartita\/","og_locale":"en_US","og_type":"article","og_title":"(Espa\u00f1ol) Bonificaci\u00f3n de la formaci\u00f3n | Curso de ventas","og_description":"(Espa\u00f1ol) Te explicamos c\u00f3mo puedes recuperar el dinero que te cuesta el curso, en forma de descuentos en las cuotas de la seguridad social.","og_url":"https:\/\/www.centroarco.com\/curso-de-ventas\/informacion-sobre-la-fundacion-tripartita\/","og_site_name":"Center for High Commercial Performance","article_modified_time":"2022-03-15T11:12:19+00:00","twitter_card":"summary","twitter_misc":{"Est. reading time":"3 minutes"},"schema":{"@context":"https:\/\/schema.org","@graph":[{"@type":"WebSite","@id":"https:\/\/www.centroarco.com\/en\/#website","url":"https:\/\/www.centroarco.com\/en\/","name":"Center for High Commercial Performance","description":"Online Course in Sales Techniques","potentialAction":[{"@type":"SearchAction","target":{"@type":"EntryPoint","urlTemplate":"https:\/\/www.centroarco.com\/en\/?s={search_term_string}"},"query-input":"required name=search_term_string"}],"inLanguage":"en-US"},{"@type":"WebPage","@id":"https:\/\/www.centroarco.com\/curso-de-ventas\/informacion-sobre-la-fundacion-tripartita\/#webpage","url":"https:\/\/www.centroarco.com\/curso-de-ventas\/informacion-sobre-la-fundacion-tripartita\/","name":"(Espa\u00f1ol) Bonificaci\u00f3n de la formaci\u00f3n | Curso de ventas","isPartOf":{"@id":"https:\/\/www.centroarco.com\/en\/#website"},"datePublished":"2015-07-27T08:31:37+00:00","dateModified":"2022-03-15T11:12:19+00:00","description":"(Espa\u00f1ol) Te explicamos c\u00f3mo puedes recuperar el dinero que te cuesta el curso, en forma de descuentos en las cuotas de la seguridad social.","breadcrumb":{"@id":"https:\/\/www.centroarco.com\/curso-de-ventas\/informacion-sobre-la-fundacion-tripartita\/#breadcrumb"},"inLanguage":"en-US","potentialAction":[{"@type":"ReadAction","target":["https:\/\/www.centroarco.com\/curso-de-ventas\/informacion-sobre-la-fundacion-tripartita\/"]}]},{"@type":"BreadcrumbList","@id":"https:\/\/www.centroarco.com\/curso-de-ventas\/informacion-sobre-la-fundacion-tripartita\/#breadcrumb","itemListElement":[{"@type":"ListItem","position":1,"name":"Portada","item":"https:\/\/www.centroarco.com\/en\/"},{"@type":"ListItem","position":2,"name":"Curso de ventas","item":"https:\/\/www.centroarco.com\/curso-de-ventas\/"},{"@type":"ListItem","position":3,"name":"Informaci\u00f3n sobre la Fundaci\u00f3n Tripartita"}]}]}},"_links":{"self":[{"href":"https:\/\/www.centroarco.com\/en\/wp-json\/wp\/v2\/pages\/76"}],"collection":[{"href":"https:\/\/www.centroarco.com\/en\/wp-json\/wp\/v2\/pages"}],"about":[{"href":"https:\/\/www.centroarco.com\/en\/wp-json\/wp\/v2\/types\/page"}],"author":[{"embeddable":true,"href":"https:\/\/www.centroarco.com\/en\/wp-json\/wp\/v2\/users\/1"}],"replies":[{"embeddable":true,"href":"https:\/\/www.centroarco.com\/en\/wp-json\/wp\/v2\/comments?post=76"}],"version-history":[{"count":21,"href":"https:\/\/www.centroarco.com\/en\/wp-json\/wp\/v2\/pages\/76\/revisions"}],"predecessor-version":[{"id":1402,"href":"https:\/\/www.centroarco.com\/en\/wp-json\/wp\/v2\/pages\/76\/revisions\/1402"}],"up":[{"embeddable":true,"href":"https:\/\/www.centroarco.com\/en\/wp-json\/wp\/v2\/pages\/466"}],"wp:attachment":[{"href":"https:\/\/www.centroarco.com\/en\/wp-json\/wp\/v2\/media?parent=76"}],"curies":[{"name":"wp","href":"https:\/\/api.w.org\/{rel}","templated":true}]}}