{"id":696,"date":"2017-01-08T23:14:43","date_gmt":"2017-01-08T22:14:43","guid":{"rendered":"http:\/\/www.centroarco.com\/?page_id=696"},"modified":"2025-07-11T11:47:34","modified_gmt":"2025-07-11T09:47:34","slug":"curso-de-gestion-del-tiempo-formadores-expertos","status":"publish","type":"page","link":"https:\/\/www.centroarco.com\/en\/espanol-curso-de-gestion-del-tiempo\/","title":{"rendered":"(Espa\u00f1ol) Curso de gesti\u00f3n del tiempo"},"content":{"rendered":"<p class=\"qtranxs-available-languages-message qtranxs-available-languages-message-en\">Sorry, this entry is only available in <a href=\"https:\/\/www.centroarco.com\/es\/wp-json\/wp\/v2\/pages\/696\" class=\"qtranxs-available-language-link qtranxs-available-language-link-es\" title=\"Espa\u00f1ol\">European Spanish<\/a>.<\/p>","protected":false},"excerpt":{"rendered":"<p>Sorry, this entry is only available in European Spanish.<\/p>\n","protected":false},"author":1,"featured_media":0,"parent":0,"menu_order":0,"comment_status":"closed","ping_status":"closed","template":"","meta":[],"yoast_head":"<!-- This site is optimized with the Yoast SEO plugin v18.5.1 - https:\/\/yoast.com\/wordpress\/plugins\/seo\/ -->\n<title>(Espa\u00f1ol) Curso de gesti\u00f3n del tiempo<\/title>\n<meta name=\"description\" content=\"(Espa\u00f1ol) Cursos presenciales en empresa. Nuestros formadores en gesti\u00f3n del tiempo se pueden desplazar a la empresa para impartir la formaci\u00f3n.\" \/>\n<meta name=\"robots\" content=\"index, follow, max-snippet:-1, max-image-preview:large, max-video-preview:-1\" \/>\n<link rel=\"canonical\" href=\"https:\/\/www.centroarco.com\/curso-de-gestion-del-tiempo\/\" \/>\n<meta property=\"og:locale\" content=\"en_US\" \/>\n<meta property=\"og:type\" content=\"article\" \/>\n<meta property=\"og:title\" content=\"[:es]Curso de gesti\u00f3n del tiempo[:]\" \/>\n<meta property=\"og:description\" content=\"{:es}Cursos presenciales en empresa. Nuestros formadores en gesti\u00f3n del tiempo se pueden desplazar a la empresa para impartir la formaci\u00f3n.{:}\" \/>\n<meta property=\"og:url\" content=\"https:\/\/www.centroarco.com\/curso-de-gestion-del-tiempo\/\" \/>\n<meta property=\"og:site_name\" content=\"Center for High Commercial Performance\" \/>\n<meta property=\"article:modified_time\" content=\"2025-07-11T09:47:34+00:00\" \/>\n<meta property=\"og:image\" content=\"http:\/\/www.centroarco.com\/wp-content\/uploads\/2017\/01\/curso-de-gestion-del-tiempo.jpg\" \/>\n<meta name=\"twitter:card\" content=\"summary\" \/>\n<meta name=\"twitter:label1\" content=\"Est. reading time\" \/>\n\t<meta name=\"twitter:data1\" content=\"3 minutes\" \/>\n<script type=\"application\/ld+json\" class=\"yoast-schema-graph\">{\"@context\":\"https:\/\/schema.org\",\"@graph\":[{\"@type\":\"WebSite\",\"@id\":\"https:\/\/www.centroarco.com\/en\/#website\",\"url\":\"https:\/\/www.centroarco.com\/en\/\",\"name\":\"Center for High Commercial Performance\",\"description\":\"Online Course in Sales Techniques\",\"potentialAction\":[{\"@type\":\"SearchAction\",\"target\":{\"@type\":\"EntryPoint\",\"urlTemplate\":\"https:\/\/www.centroarco.com\/en\/?s={search_term_string}\"},\"query-input\":\"required name=search_term_string\"}],\"inLanguage\":\"en-US\"},{\"@type\":\"ImageObject\",\"@id\":\"https:\/\/www.centroarco.com\/curso-de-gestion-del-tiempo\/#primaryimage\",\"inLanguage\":\"en-US\",\"url\":\"http:\/\/www.centroarco.com\/wp-content\/uploads\/2017\/01\/curso-de-gestion-del-tiempo.jpg\",\"contentUrl\":\"http:\/\/www.centroarco.com\/wp-content\/uploads\/2017\/01\/curso-de-gestion-del-tiempo.jpg\"},{\"@type\":\"WebPage\",\"@id\":\"https:\/\/www.centroarco.com\/curso-de-gestion-del-tiempo\/#webpage\",\"url\":\"https:\/\/www.centroarco.com\/curso-de-gestion-del-tiempo\/\",\"name\":\"[:es]Curso de gesti\u00f3n del tiempo[:]\",\"isPartOf\":{\"@id\":\"https:\/\/www.centroarco.com\/en\/#website\"},\"primaryImageOfPage\":{\"@id\":\"https:\/\/www.centroarco.com\/curso-de-gestion-del-tiempo\/#primaryimage\"},\"datePublished\":\"2017-01-08T22:14:43+00:00\",\"dateModified\":\"2025-07-11T09:47:34+00:00\",\"description\":\"{:es}Cursos presenciales en empresa. Nuestros formadores en gesti\u00f3n del tiempo se pueden desplazar a la empresa para impartir la formaci\u00f3n.{:}\",\"breadcrumb\":{\"@id\":\"https:\/\/www.centroarco.com\/curso-de-gestion-del-tiempo\/#breadcrumb\"},\"inLanguage\":\"en-US\",\"potentialAction\":[{\"@type\":\"ReadAction\",\"target\":[\"https:\/\/www.centroarco.com\/curso-de-gestion-del-tiempo\/\"]}]},{\"@type\":\"BreadcrumbList\",\"@id\":\"https:\/\/www.centroarco.com\/curso-de-gestion-del-tiempo\/#breadcrumb\",\"itemListElement\":[{\"@type\":\"ListItem\",\"position\":1,\"name\":\"Portada\",\"item\":\"https:\/\/www.centroarco.com\/en\/\"},{\"@type\":\"ListItem\",\"position\":2,\"name\":\"Curso de gesti\u00f3n del tiempo\"}]}]}<\/script>\n<!-- \/ Yoast SEO plugin. -->","yoast_head_json":{"title":"(Espa\u00f1ol) Curso de gesti\u00f3n del tiempo","description":"(Espa\u00f1ol) Cursos presenciales en empresa. Nuestros formadores en gesti\u00f3n del tiempo se pueden desplazar a la empresa para impartir la formaci\u00f3n.","robots":{"index":"index","follow":"follow","max-snippet":"max-snippet:-1","max-image-preview":"max-image-preview:large","max-video-preview":"max-video-preview:-1"},"canonical":"https:\/\/www.centroarco.com\/curso-de-gestion-del-tiempo\/","og_locale":"en_US","og_type":"article","og_title":"[:es]Curso de gesti\u00f3n del tiempo[:]","og_description":"{:es}Cursos presenciales en empresa. Nuestros formadores en gesti\u00f3n del tiempo se pueden desplazar a la empresa para impartir la formaci\u00f3n.{:}","og_url":"https:\/\/www.centroarco.com\/curso-de-gestion-del-tiempo\/","og_site_name":"Center for High Commercial Performance","article_modified_time":"2025-07-11T09:47:34+00:00","og_image":[{"url":"http:\/\/www.centroarco.com\/wp-content\/uploads\/2017\/01\/curso-de-gestion-del-tiempo.jpg"}],"twitter_card":"summary","twitter_misc":{"Est. reading time":"3 minutes"},"schema":{"@context":"https:\/\/schema.org","@graph":[{"@type":"WebSite","@id":"https:\/\/www.centroarco.com\/en\/#website","url":"https:\/\/www.centroarco.com\/en\/","name":"Center for High Commercial Performance","description":"Online Course in Sales Techniques","potentialAction":[{"@type":"SearchAction","target":{"@type":"EntryPoint","urlTemplate":"https:\/\/www.centroarco.com\/en\/?s={search_term_string}"},"query-input":"required name=search_term_string"}],"inLanguage":"en-US"},{"@type":"ImageObject","@id":"https:\/\/www.centroarco.com\/curso-de-gestion-del-tiempo\/#primaryimage","inLanguage":"en-US","url":"http:\/\/www.centroarco.com\/wp-content\/uploads\/2017\/01\/curso-de-gestion-del-tiempo.jpg","contentUrl":"http:\/\/www.centroarco.com\/wp-content\/uploads\/2017\/01\/curso-de-gestion-del-tiempo.jpg"},{"@type":"WebPage","@id":"https:\/\/www.centroarco.com\/curso-de-gestion-del-tiempo\/#webpage","url":"https:\/\/www.centroarco.com\/curso-de-gestion-del-tiempo\/","name":"[:es]Curso de gesti\u00f3n del tiempo[:]","isPartOf":{"@id":"https:\/\/www.centroarco.com\/en\/#website"},"primaryImageOfPage":{"@id":"https:\/\/www.centroarco.com\/curso-de-gestion-del-tiempo\/#primaryimage"},"datePublished":"2017-01-08T22:14:43+00:00","dateModified":"2025-07-11T09:47:34+00:00","description":"{:es}Cursos presenciales en empresa. Nuestros formadores en gesti\u00f3n del tiempo se pueden desplazar a la empresa para impartir la formaci\u00f3n.{:}","breadcrumb":{"@id":"https:\/\/www.centroarco.com\/curso-de-gestion-del-tiempo\/#breadcrumb"},"inLanguage":"en-US","potentialAction":[{"@type":"ReadAction","target":["https:\/\/www.centroarco.com\/curso-de-gestion-del-tiempo\/"]}]},{"@type":"BreadcrumbList","@id":"https:\/\/www.centroarco.com\/curso-de-gestion-del-tiempo\/#breadcrumb","itemListElement":[{"@type":"ListItem","position":1,"name":"Portada","item":"https:\/\/www.centroarco.com\/en\/"},{"@type":"ListItem","position":2,"name":"Curso de gesti\u00f3n del tiempo"}]}]}},"_links":{"self":[{"href":"https:\/\/www.centroarco.com\/en\/wp-json\/wp\/v2\/pages\/696"}],"collection":[{"href":"https:\/\/www.centroarco.com\/en\/wp-json\/wp\/v2\/pages"}],"about":[{"href":"https:\/\/www.centroarco.com\/en\/wp-json\/wp\/v2\/types\/page"}],"author":[{"embeddable":true,"href":"https:\/\/www.centroarco.com\/en\/wp-json\/wp\/v2\/users\/1"}],"replies":[{"embeddable":true,"href":"https:\/\/www.centroarco.com\/en\/wp-json\/wp\/v2\/comments?post=696"}],"version-history":[{"count":22,"href":"https:\/\/www.centroarco.com\/en\/wp-json\/wp\/v2\/pages\/696\/revisions"}],"predecessor-version":[{"id":1503,"href":"https:\/\/www.centroarco.com\/en\/wp-json\/wp\/v2\/pages\/696\/revisions\/1503"}],"wp:attachment":[{"href":"https:\/\/www.centroarco.com\/en\/wp-json\/wp\/v2\/media?parent=696"}],"curies":[{"name":"wp","href":"https:\/\/api.w.org\/{rel}","templated":true}]}}