{"id":602,"date":"2016-12-28T20:27:34","date_gmt":"2016-12-28T19:27:34","guid":{"rendered":"http:\/\/www.centroarco.com\/?page_id=602"},"modified":"2016-12-29T10:36:07","modified_gmt":"2016-12-29T09:36:07","slug":"comunicacion-eficaz-estrategias-de-venta","status":"publish","type":"page","link":"https:\/\/www.centroarco.com\/en\/course-in-sales-techniques\/espanol-estrategias-de-ventas\/espanol-comunicacion-eficaz-estrategias-de-venta\/","title":{"rendered":"(Espa\u00f1ol) Comunicaci\u00f3n eficaz | Estrategias de venta"},"content":{"rendered":"<p class=\"qtranxs-available-languages-message qtranxs-available-languages-message-en\">Sorry, this entry is only available in <a href=\"https:\/\/www.centroarco.com\/es\/wp-json\/wp\/v2\/pages\/602\" class=\"qtranxs-available-language-link qtranxs-available-language-link-es\" title=\"Espa\u00f1ol\">European Spanish<\/a>.<\/p>","protected":false},"excerpt":{"rendered":"<p>Sorry, this entry is only available in European Spanish.<\/p>\n","protected":false},"author":1,"featured_media":0,"parent":536,"menu_order":0,"comment_status":"closed","ping_status":"closed","template":"page-leftsb.php","meta":[],"yoast_head":"<!-- This site is optimized with the Yoast SEO plugin v18.5.1 - https:\/\/yoast.com\/wordpress\/plugins\/seo\/ -->\n<title>(Espa\u00f1ol) Comunicaci\u00f3n eficaz | Estrategias de venta<\/title>\n<meta name=\"description\" content=\"(Espa\u00f1ol) La mejor estrategia de venta es dominar una comunicaci\u00f3n eficaz. Aprender c\u00f3mo usar tus palabras en la conversaci\u00f3n comercial es aprender a vender m\u00e1s.\" \/>\n<meta name=\"robots\" content=\"index, follow, max-snippet:-1, max-image-preview:large, max-video-preview:-1\" \/>\n<link rel=\"canonical\" href=\"https:\/\/www.centroarco.com\/curso-de-ventas\/estrategias-de-ventas\/comunicacion-eficaz-estrategias-de-venta\/\" \/>\n<meta property=\"og:locale\" content=\"en_US\" \/>\n<meta property=\"og:type\" content=\"article\" \/>\n<meta property=\"og:title\" content=\"(Espa\u00f1ol) Comunicaci\u00f3n eficaz | Estrategias de venta\" \/>\n<meta property=\"og:description\" content=\"(Espa\u00f1ol) La mejor estrategia de venta es dominar una comunicaci\u00f3n eficaz. Aprender c\u00f3mo usar tus palabras en la conversaci\u00f3n comercial es aprender a vender m\u00e1s.\" \/>\n<meta property=\"og:url\" content=\"https:\/\/www.centroarco.com\/curso-de-ventas\/estrategias-de-ventas\/comunicacion-eficaz-estrategias-de-venta\/\" \/>\n<meta property=\"og:site_name\" content=\"Center for High Commercial Performance\" \/>\n<meta property=\"article:modified_time\" content=\"2016-12-29T09:36:07+00:00\" \/>\n<meta property=\"og:image\" content=\"http:\/\/www.centroarco.com\/wp-content\/uploads\/2016\/12\/oferta-curso-ventas3.png\" \/>\n<meta name=\"twitter:card\" content=\"summary\" \/>\n<meta name=\"twitter:label1\" content=\"Est. reading time\" \/>\n\t<meta name=\"twitter:data1\" content=\"3 minutes\" \/>\n<script type=\"application\/ld+json\" class=\"yoast-schema-graph\">{\"@context\":\"https:\/\/schema.org\",\"@graph\":[{\"@type\":\"WebSite\",\"@id\":\"https:\/\/www.centroarco.com\/en\/#website\",\"url\":\"https:\/\/www.centroarco.com\/en\/\",\"name\":\"Center for High Commercial Performance\",\"description\":\"Online Course in Sales Techniques\",\"potentialAction\":[{\"@type\":\"SearchAction\",\"target\":{\"@type\":\"EntryPoint\",\"urlTemplate\":\"https:\/\/www.centroarco.com\/en\/?s={search_term_string}\"},\"query-input\":\"required name=search_term_string\"}],\"inLanguage\":\"en-US\"},{\"@type\":\"ImageObject\",\"@id\":\"https:\/\/www.centroarco.com\/curso-de-ventas\/estrategias-de-ventas\/comunicacion-eficaz-estrategias-de-venta\/#primaryimage\",\"inLanguage\":\"en-US\",\"url\":\"http:\/\/www.centroarco.com\/wp-content\/uploads\/2016\/12\/oferta-curso-ventas3.png\",\"contentUrl\":\"http:\/\/www.centroarco.com\/wp-content\/uploads\/2016\/12\/oferta-curso-ventas3.png\"},{\"@type\":\"WebPage\",\"@id\":\"https:\/\/www.centroarco.com\/curso-de-ventas\/estrategias-de-ventas\/comunicacion-eficaz-estrategias-de-venta\/#webpage\",\"url\":\"https:\/\/www.centroarco.com\/curso-de-ventas\/estrategias-de-ventas\/comunicacion-eficaz-estrategias-de-venta\/\",\"name\":\"(Espa\u00f1ol) Comunicaci\u00f3n eficaz | Estrategias de venta\",\"isPartOf\":{\"@id\":\"https:\/\/www.centroarco.com\/en\/#website\"},\"primaryImageOfPage\":{\"@id\":\"https:\/\/www.centroarco.com\/curso-de-ventas\/estrategias-de-ventas\/comunicacion-eficaz-estrategias-de-venta\/#primaryimage\"},\"datePublished\":\"2016-12-28T19:27:34+00:00\",\"dateModified\":\"2016-12-29T09:36:07+00:00\",\"description\":\"(Espa\u00f1ol) La mejor estrategia de venta es dominar una comunicaci\u00f3n eficaz. Aprender c\u00f3mo usar tus palabras en la conversaci\u00f3n comercial es aprender a vender m\u00e1s.\",\"breadcrumb\":{\"@id\":\"https:\/\/www.centroarco.com\/curso-de-ventas\/estrategias-de-ventas\/comunicacion-eficaz-estrategias-de-venta\/#breadcrumb\"},\"inLanguage\":\"en-US\",\"potentialAction\":[{\"@type\":\"ReadAction\",\"target\":[\"https:\/\/www.centroarco.com\/curso-de-ventas\/estrategias-de-ventas\/comunicacion-eficaz-estrategias-de-venta\/\"]}]},{\"@type\":\"BreadcrumbList\",\"@id\":\"https:\/\/www.centroarco.com\/curso-de-ventas\/estrategias-de-ventas\/comunicacion-eficaz-estrategias-de-venta\/#breadcrumb\",\"itemListElement\":[{\"@type\":\"ListItem\",\"position\":1,\"name\":\"Portada\",\"item\":\"https:\/\/www.centroarco.com\/en\/\"},{\"@type\":\"ListItem\",\"position\":2,\"name\":\"Curso de ventas\",\"item\":\"https:\/\/www.centroarco.com\/curso-de-ventas\/\"},{\"@type\":\"ListItem\",\"position\":3,\"name\":\"(Espa\u00f1ol) Estrategias de ventas | Curso de ventas\",\"item\":\"https:\/\/www.centroarco.com\/curso-de-ventas\/estrategias-de-ventas\/\"},{\"@type\":\"ListItem\",\"position\":4,\"name\":\"(Espa\u00f1ol) Comunicaci\u00f3n eficaz | Estrategias de venta\"}]}]}<\/script>\n<!-- \/ Yoast SEO plugin. -->","yoast_head_json":{"title":"(Espa\u00f1ol) Comunicaci\u00f3n eficaz | Estrategias de venta","description":"(Espa\u00f1ol) La mejor estrategia de venta es dominar una comunicaci\u00f3n eficaz. Aprender c\u00f3mo usar tus palabras en la conversaci\u00f3n comercial es aprender a vender m\u00e1s.","robots":{"index":"index","follow":"follow","max-snippet":"max-snippet:-1","max-image-preview":"max-image-preview:large","max-video-preview":"max-video-preview:-1"},"canonical":"https:\/\/www.centroarco.com\/curso-de-ventas\/estrategias-de-ventas\/comunicacion-eficaz-estrategias-de-venta\/","og_locale":"en_US","og_type":"article","og_title":"(Espa\u00f1ol) Comunicaci\u00f3n eficaz | Estrategias de venta","og_description":"(Espa\u00f1ol) La mejor estrategia de venta es dominar una comunicaci\u00f3n eficaz. Aprender c\u00f3mo usar tus palabras en la conversaci\u00f3n comercial es aprender a vender m\u00e1s.","og_url":"https:\/\/www.centroarco.com\/curso-de-ventas\/estrategias-de-ventas\/comunicacion-eficaz-estrategias-de-venta\/","og_site_name":"Center for High Commercial Performance","article_modified_time":"2016-12-29T09:36:07+00:00","og_image":[{"url":"http:\/\/www.centroarco.com\/wp-content\/uploads\/2016\/12\/oferta-curso-ventas3.png"}],"twitter_card":"summary","twitter_misc":{"Est. reading time":"3 minutes"},"schema":{"@context":"https:\/\/schema.org","@graph":[{"@type":"WebSite","@id":"https:\/\/www.centroarco.com\/en\/#website","url":"https:\/\/www.centroarco.com\/en\/","name":"Center for High Commercial Performance","description":"Online Course in Sales Techniques","potentialAction":[{"@type":"SearchAction","target":{"@type":"EntryPoint","urlTemplate":"https:\/\/www.centroarco.com\/en\/?s={search_term_string}"},"query-input":"required name=search_term_string"}],"inLanguage":"en-US"},{"@type":"ImageObject","@id":"https:\/\/www.centroarco.com\/curso-de-ventas\/estrategias-de-ventas\/comunicacion-eficaz-estrategias-de-venta\/#primaryimage","inLanguage":"en-US","url":"http:\/\/www.centroarco.com\/wp-content\/uploads\/2016\/12\/oferta-curso-ventas3.png","contentUrl":"http:\/\/www.centroarco.com\/wp-content\/uploads\/2016\/12\/oferta-curso-ventas3.png"},{"@type":"WebPage","@id":"https:\/\/www.centroarco.com\/curso-de-ventas\/estrategias-de-ventas\/comunicacion-eficaz-estrategias-de-venta\/#webpage","url":"https:\/\/www.centroarco.com\/curso-de-ventas\/estrategias-de-ventas\/comunicacion-eficaz-estrategias-de-venta\/","name":"(Espa\u00f1ol) Comunicaci\u00f3n eficaz | Estrategias de venta","isPartOf":{"@id":"https:\/\/www.centroarco.com\/en\/#website"},"primaryImageOfPage":{"@id":"https:\/\/www.centroarco.com\/curso-de-ventas\/estrategias-de-ventas\/comunicacion-eficaz-estrategias-de-venta\/#primaryimage"},"datePublished":"2016-12-28T19:27:34+00:00","dateModified":"2016-12-29T09:36:07+00:00","description":"(Espa\u00f1ol) La mejor estrategia de venta es dominar una comunicaci\u00f3n eficaz. Aprender c\u00f3mo usar tus palabras en la conversaci\u00f3n comercial es aprender a vender m\u00e1s.","breadcrumb":{"@id":"https:\/\/www.centroarco.com\/curso-de-ventas\/estrategias-de-ventas\/comunicacion-eficaz-estrategias-de-venta\/#breadcrumb"},"inLanguage":"en-US","potentialAction":[{"@type":"ReadAction","target":["https:\/\/www.centroarco.com\/curso-de-ventas\/estrategias-de-ventas\/comunicacion-eficaz-estrategias-de-venta\/"]}]},{"@type":"BreadcrumbList","@id":"https:\/\/www.centroarco.com\/curso-de-ventas\/estrategias-de-ventas\/comunicacion-eficaz-estrategias-de-venta\/#breadcrumb","itemListElement":[{"@type":"ListItem","position":1,"name":"Portada","item":"https:\/\/www.centroarco.com\/en\/"},{"@type":"ListItem","position":2,"name":"Curso de ventas","item":"https:\/\/www.centroarco.com\/curso-de-ventas\/"},{"@type":"ListItem","position":3,"name":"(Espa\u00f1ol) Estrategias de ventas | Curso de ventas","item":"https:\/\/www.centroarco.com\/curso-de-ventas\/estrategias-de-ventas\/"},{"@type":"ListItem","position":4,"name":"(Espa\u00f1ol) Comunicaci\u00f3n eficaz | Estrategias de venta"}]}]}},"_links":{"self":[{"href":"https:\/\/www.centroarco.com\/en\/wp-json\/wp\/v2\/pages\/602"}],"collection":[{"href":"https:\/\/www.centroarco.com\/en\/wp-json\/wp\/v2\/pages"}],"about":[{"href":"https:\/\/www.centroarco.com\/en\/wp-json\/wp\/v2\/types\/page"}],"author":[{"embeddable":true,"href":"https:\/\/www.centroarco.com\/en\/wp-json\/wp\/v2\/users\/1"}],"replies":[{"embeddable":true,"href":"https:\/\/www.centroarco.com\/en\/wp-json\/wp\/v2\/comments?post=602"}],"version-history":[{"count":8,"href":"https:\/\/www.centroarco.com\/en\/wp-json\/wp\/v2\/pages\/602\/revisions"}],"predecessor-version":[{"id":680,"href":"https:\/\/www.centroarco.com\/en\/wp-json\/wp\/v2\/pages\/602\/revisions\/680"}],"up":[{"embeddable":true,"href":"https:\/\/www.centroarco.com\/en\/wp-json\/wp\/v2\/pages\/536"}],"wp:attachment":[{"href":"https:\/\/www.centroarco.com\/en\/wp-json\/wp\/v2\/media?parent=602"}],"curies":[{"name":"wp","href":"https:\/\/api.w.org\/{rel}","templated":true}]}}