{"id":58,"date":"2015-07-24T10:23:52","date_gmt":"2015-07-24T10:23:52","guid":{"rendered":"http:\/\/www.centroarco.com\/wp\/?page_id=58"},"modified":"2020-03-25T13:24:24","modified_gmt":"2020-03-25T12:24:24","slug":"quienes-somos","status":"publish","type":"page","link":"https:\/\/www.centroarco.com\/en\/about-us\/","title":{"rendered":"About us"},"content":{"rendered":"The Center for High Commercial Performance, <strong>Centro ARCO<\/strong>, was created to boost our students\u2019 business and customer service skills. To do so, an <a href=\"http:\/\/schedule\">Online Course in Sales Techniques<\/a> has been developed with specific techniques and strategies.<\/p>\n<h3>What sets us apart from other online sales courses?<\/h3>\n<p><strong>Unlike other online courses<\/strong>, all of the modules in ARCO\u2019s sales techniques course can truly be applied to real situations. The content selected has been meticulously created by experts to provide a completely practical approach. We have avoided the theoretical approaches used by other courses so as to focus on learning to ensure results are achieved. Each of the teaching units contains subjects that can be applied in the workplace as of the very day when you study them. Our experience shows that applying these techniques improves customer satisfaction a great deal, and increases revenue for your business. Furthermore, we have included training videos and exercises in the course to better understand the techniques we teach you, and keep you motivated throughout the whole course.<\/p>\n<h3>Does the ARCO Center have a quality certificate?<\/h3>\n<p>Centro ARCO\u2019s training is backed by the <strong>European Institute of Teacher Training\u2019s professional seal of trustworthiness<\/strong>, based on high quality e-learning guidelines. (<a href=\"http:\/\/www.ieformaciondeformadores.com\/\">Instituto Europeo de Formaci\u00f3n de Formadores<\/a>)<\/p>\n<p>In addition, there are many companies and students who have unreservedly shared their opinions about the ARCO course on sales techniques.<\/p>\n<h3>How I can start the course?<\/h3>\n<p>You can start the course immediately after signing up <a href=\"http:\/\/www.centroarco.com\/en\/enrolment\">here<\/a>.<\/p>\n<p><a class=\"enigma_blog_read_btn animated bounceInUp btnn\" href=\"http:\/\/www.centroarco.com\/en\/enrolment\">Enrol here<\/a><\/p>\n<div class=\"cleared\"><\/div>","protected":false},"excerpt":{"rendered":"<p>The Center for High Commercial Performance, Centro ARCO, was created to boost our students\u2019 business and customer service skills. To do so, an Online Course in Sales Techniques has been developed with specific techniques and strategies. What sets us apart from other online sales courses? Unlike other online courses, all of the modules in ARCO\u2019s<\/p>\n","protected":false},"author":1,"featured_media":0,"parent":0,"menu_order":0,"comment_status":"closed","ping_status":"closed","template":"page-leftsb.php","meta":[],"yoast_head":"<!-- This site is optimized with the Yoast SEO plugin v18.5.1 - https:\/\/yoast.com\/wordpress\/plugins\/seo\/ -->\n<title>(Espa\u00f1ol) \u00bfQui\u00e9nes somos? | Centro ARCO. Formaci\u00f3n en ventas.<\/title>\n<meta name=\"description\" content=\"(Espa\u00f1ol) El Centro ARCO es una empresa especializada en cursos de ventas online y presenciales, ubicada en la Plaza del Ayuntamiento de Valencia (Espa\u00f1a)\" \/>\n<meta name=\"robots\" content=\"index, follow, max-snippet:-1, max-image-preview:large, max-video-preview:-1\" \/>\n<link rel=\"canonical\" href=\"https:\/\/www.centroarco.com\/en\/about-us\/\" \/>\n<meta property=\"og:locale\" content=\"en_US\" \/>\n<meta property=\"og:type\" content=\"article\" \/>\n<meta property=\"og:title\" content=\"(Espa\u00f1ol) \u00bfQui\u00e9nes somos? | Centro ARCO. Formaci\u00f3n en ventas.\" \/>\n<meta property=\"og:description\" content=\"(Espa\u00f1ol) El Centro ARCO es una empresa especializada en cursos de ventas online y presenciales, ubicada en la Plaza del Ayuntamiento de Valencia (Espa\u00f1a)\" \/>\n<meta property=\"og:url\" content=\"https:\/\/www.centroarco.com\/en\/about-us\/\" \/>\n<meta property=\"og:site_name\" content=\"Center for High Commercial Performance\" \/>\n<meta property=\"article:modified_time\" content=\"2020-03-25T12:24:24+00:00\" \/>\n<meta property=\"og:image\" content=\"http:\/\/www.centroarco.com\/wp-content\/uploads\/2015\/07\/cursos-de-ventas-para-renfe.jpg\" \/>\n<meta name=\"twitter:card\" content=\"summary\" \/>\n<meta name=\"twitter:label1\" content=\"Est. reading time\" \/>\n\t<meta name=\"twitter:data1\" content=\"3 minutes\" \/>\n<script type=\"application\/ld+json\" class=\"yoast-schema-graph\">{\"@context\":\"https:\/\/schema.org\",\"@graph\":[{\"@type\":\"WebSite\",\"@id\":\"https:\/\/www.centroarco.com\/en\/#website\",\"url\":\"https:\/\/www.centroarco.com\/en\/\",\"name\":\"Center for High Commercial Performance\",\"description\":\"Online Course in Sales Techniques\",\"potentialAction\":[{\"@type\":\"SearchAction\",\"target\":{\"@type\":\"EntryPoint\",\"urlTemplate\":\"https:\/\/www.centroarco.com\/en\/?s={search_term_string}\"},\"query-input\":\"required name=search_term_string\"}],\"inLanguage\":\"en-US\"},{\"@type\":\"ImageObject\",\"@id\":\"https:\/\/www.centroarco.com\/en\/about-us\/#primaryimage\",\"inLanguage\":\"en-US\",\"url\":\"http:\/\/www.centroarco.com\/wp-content\/uploads\/2015\/07\/cursos-de-ventas-para-renfe.jpg\",\"contentUrl\":\"http:\/\/www.centroarco.com\/wp-content\/uploads\/2015\/07\/cursos-de-ventas-para-renfe.jpg\"},{\"@type\":\"WebPage\",\"@id\":\"https:\/\/www.centroarco.com\/en\/about-us\/#webpage\",\"url\":\"https:\/\/www.centroarco.com\/en\/about-us\/\",\"name\":\"(Espa\u00f1ol) \u00bfQui\u00e9nes somos? | Centro ARCO. Formaci\u00f3n en ventas.\",\"isPartOf\":{\"@id\":\"https:\/\/www.centroarco.com\/en\/#website\"},\"primaryImageOfPage\":{\"@id\":\"https:\/\/www.centroarco.com\/en\/about-us\/#primaryimage\"},\"datePublished\":\"2015-07-24T10:23:52+00:00\",\"dateModified\":\"2020-03-25T12:24:24+00:00\",\"description\":\"(Espa\u00f1ol) El Centro ARCO es una empresa especializada en cursos de ventas online y presenciales, ubicada en la Plaza del Ayuntamiento de Valencia (Espa\u00f1a)\",\"breadcrumb\":{\"@id\":\"https:\/\/www.centroarco.com\/en\/about-us\/#breadcrumb\"},\"inLanguage\":\"en-US\",\"potentialAction\":[{\"@type\":\"ReadAction\",\"target\":[\"https:\/\/www.centroarco.com\/en\/about-us\/\"]}]},{\"@type\":\"BreadcrumbList\",\"@id\":\"https:\/\/www.centroarco.com\/en\/about-us\/#breadcrumb\",\"itemListElement\":[{\"@type\":\"ListItem\",\"position\":1,\"name\":\"Portada\",\"item\":\"https:\/\/www.centroarco.com\/en\/\"},{\"@type\":\"ListItem\",\"position\":2,\"name\":\"About us\"}]}]}<\/script>\n<!-- \/ Yoast SEO plugin. -->","yoast_head_json":{"title":"(Espa\u00f1ol) \u00bfQui\u00e9nes somos? | Centro ARCO. Formaci\u00f3n en ventas.","description":"(Espa\u00f1ol) El Centro ARCO es una empresa especializada en cursos de ventas online y presenciales, ubicada en la Plaza del Ayuntamiento de Valencia (Espa\u00f1a)","robots":{"index":"index","follow":"follow","max-snippet":"max-snippet:-1","max-image-preview":"max-image-preview:large","max-video-preview":"max-video-preview:-1"},"canonical":"https:\/\/www.centroarco.com\/en\/about-us\/","og_locale":"en_US","og_type":"article","og_title":"(Espa\u00f1ol) \u00bfQui\u00e9nes somos? | Centro ARCO. Formaci\u00f3n en ventas.","og_description":"(Espa\u00f1ol) El Centro ARCO es una empresa especializada en cursos de ventas online y presenciales, ubicada en la Plaza del Ayuntamiento de Valencia (Espa\u00f1a)","og_url":"https:\/\/www.centroarco.com\/en\/about-us\/","og_site_name":"Center for High Commercial Performance","article_modified_time":"2020-03-25T12:24:24+00:00","og_image":[{"url":"http:\/\/www.centroarco.com\/wp-content\/uploads\/2015\/07\/cursos-de-ventas-para-renfe.jpg"}],"twitter_card":"summary","twitter_misc":{"Est. reading time":"3 minutes"},"schema":{"@context":"https:\/\/schema.org","@graph":[{"@type":"WebSite","@id":"https:\/\/www.centroarco.com\/en\/#website","url":"https:\/\/www.centroarco.com\/en\/","name":"Center for High Commercial Performance","description":"Online Course in Sales Techniques","potentialAction":[{"@type":"SearchAction","target":{"@type":"EntryPoint","urlTemplate":"https:\/\/www.centroarco.com\/en\/?s={search_term_string}"},"query-input":"required name=search_term_string"}],"inLanguage":"en-US"},{"@type":"ImageObject","@id":"https:\/\/www.centroarco.com\/en\/about-us\/#primaryimage","inLanguage":"en-US","url":"http:\/\/www.centroarco.com\/wp-content\/uploads\/2015\/07\/cursos-de-ventas-para-renfe.jpg","contentUrl":"http:\/\/www.centroarco.com\/wp-content\/uploads\/2015\/07\/cursos-de-ventas-para-renfe.jpg"},{"@type":"WebPage","@id":"https:\/\/www.centroarco.com\/en\/about-us\/#webpage","url":"https:\/\/www.centroarco.com\/en\/about-us\/","name":"(Espa\u00f1ol) \u00bfQui\u00e9nes somos? | Centro ARCO. Formaci\u00f3n en ventas.","isPartOf":{"@id":"https:\/\/www.centroarco.com\/en\/#website"},"primaryImageOfPage":{"@id":"https:\/\/www.centroarco.com\/en\/about-us\/#primaryimage"},"datePublished":"2015-07-24T10:23:52+00:00","dateModified":"2020-03-25T12:24:24+00:00","description":"(Espa\u00f1ol) El Centro ARCO es una empresa especializada en cursos de ventas online y presenciales, ubicada en la Plaza del Ayuntamiento de Valencia (Espa\u00f1a)","breadcrumb":{"@id":"https:\/\/www.centroarco.com\/en\/about-us\/#breadcrumb"},"inLanguage":"en-US","potentialAction":[{"@type":"ReadAction","target":["https:\/\/www.centroarco.com\/en\/about-us\/"]}]},{"@type":"BreadcrumbList","@id":"https:\/\/www.centroarco.com\/en\/about-us\/#breadcrumb","itemListElement":[{"@type":"ListItem","position":1,"name":"Portada","item":"https:\/\/www.centroarco.com\/en\/"},{"@type":"ListItem","position":2,"name":"About us"}]}]}},"_links":{"self":[{"href":"https:\/\/www.centroarco.com\/en\/wp-json\/wp\/v2\/pages\/58"}],"collection":[{"href":"https:\/\/www.centroarco.com\/en\/wp-json\/wp\/v2\/pages"}],"about":[{"href":"https:\/\/www.centroarco.com\/en\/wp-json\/wp\/v2\/types\/page"}],"author":[{"embeddable":true,"href":"https:\/\/www.centroarco.com\/en\/wp-json\/wp\/v2\/users\/1"}],"replies":[{"embeddable":true,"href":"https:\/\/www.centroarco.com\/en\/wp-json\/wp\/v2\/comments?post=58"}],"version-history":[{"count":60,"href":"https:\/\/www.centroarco.com\/en\/wp-json\/wp\/v2\/pages\/58\/revisions"}],"predecessor-version":[{"id":1160,"href":"https:\/\/www.centroarco.com\/en\/wp-json\/wp\/v2\/pages\/58\/revisions\/1160"}],"wp:attachment":[{"href":"https:\/\/www.centroarco.com\/en\/wp-json\/wp\/v2\/media?parent=58"}],"curies":[{"name":"wp","href":"https:\/\/api.w.org\/{rel}","templated":true}]}}