{"id":565,"date":"2016-12-26T17:59:40","date_gmt":"2016-12-26T16:59:40","guid":{"rendered":"http:\/\/www.centroarco.com\/?page_id=565"},"modified":"2016-12-29T00:16:15","modified_gmt":"2016-12-28T23:16:15","slug":"la-clave-el-valor-anadido-estrategias-de-ventas","status":"publish","type":"page","link":"https:\/\/www.centroarco.com\/en\/course-in-sales-techniques\/espanol-estrategias-de-ventas\/espanol-la-clave-el-valor-anadido-estrategias-de-ventas\/","title":{"rendered":"(Espa\u00f1ol) La clave: el valor a\u00f1adido | Estrategias de ventas"},"content":{"rendered":"<p class=\"qtranxs-available-languages-message qtranxs-available-languages-message-en\">Sorry, this entry is only available in <a href=\"https:\/\/www.centroarco.com\/es\/wp-json\/wp\/v2\/pages\/565\" class=\"qtranxs-available-language-link qtranxs-available-language-link-es\" title=\"Espa\u00f1ol\">European Spanish<\/a>.<\/p>","protected":false},"excerpt":{"rendered":"<p>Sorry, this entry is only available in European Spanish.<\/p>\n","protected":false},"author":1,"featured_media":0,"parent":536,"menu_order":0,"comment_status":"open","ping_status":"closed","template":"page-leftsb.php","meta":[],"yoast_head":"<!-- This site is optimized with the Yoast SEO plugin v18.5.1 - https:\/\/yoast.com\/wordpress\/plugins\/seo\/ -->\n<title>(Espa\u00f1ol) La clave: el valor a\u00f1adido<\/title>\n<meta name=\"description\" content=\"(Espa\u00f1ol) Te explicamos con ejemplos c\u00f3mo puedes aportar a tus clientes m\u00e1s valor a\u00f1adido para que vendas m\u00e1s y ganes m\u00e1s dinero.\" \/>\n<meta name=\"robots\" content=\"index, follow, max-snippet:-1, max-image-preview:large, max-video-preview:-1\" \/>\n<link rel=\"canonical\" href=\"https:\/\/www.centroarco.com\/curso-de-ventas\/estrategias-de-ventas\/la-clave-el-valor-anadido-estrategias-de-ventas\/\" \/>\n<meta property=\"og:locale\" content=\"en_US\" \/>\n<meta property=\"og:type\" content=\"article\" \/>\n<meta property=\"og:title\" content=\"(Espa\u00f1ol) La clave: el valor a\u00f1adido\" \/>\n<meta property=\"og:description\" content=\"(Espa\u00f1ol) Te explicamos con ejemplos c\u00f3mo puedes aportar a tus clientes m\u00e1s valor a\u00f1adido para que vendas m\u00e1s y ganes m\u00e1s dinero.\" \/>\n<meta property=\"og:url\" content=\"https:\/\/www.centroarco.com\/curso-de-ventas\/estrategias-de-ventas\/la-clave-el-valor-anadido-estrategias-de-ventas\/\" \/>\n<meta property=\"og:site_name\" content=\"Center for High Commercial Performance\" \/>\n<meta property=\"article:modified_time\" content=\"2016-12-28T23:16:15+00:00\" \/>\n<meta property=\"og:image\" content=\"http:\/\/www.centroarco.com\/wp-content\/uploads\/2016\/12\/cliente-de-gasolinera-1024x768.jpg\" \/>\n<meta name=\"twitter:card\" content=\"summary\" \/>\n<meta name=\"twitter:label1\" content=\"Est. reading time\" \/>\n\t<meta name=\"twitter:data1\" content=\"3 minutes\" \/>\n<script type=\"application\/ld+json\" class=\"yoast-schema-graph\">{\"@context\":\"https:\/\/schema.org\",\"@graph\":[{\"@type\":\"WebSite\",\"@id\":\"https:\/\/www.centroarco.com\/en\/#website\",\"url\":\"https:\/\/www.centroarco.com\/en\/\",\"name\":\"Center for High Commercial Performance\",\"description\":\"Online Course in Sales Techniques\",\"potentialAction\":[{\"@type\":\"SearchAction\",\"target\":{\"@type\":\"EntryPoint\",\"urlTemplate\":\"https:\/\/www.centroarco.com\/en\/?s={search_term_string}\"},\"query-input\":\"required name=search_term_string\"}],\"inLanguage\":\"en-US\"},{\"@type\":\"ImageObject\",\"@id\":\"https:\/\/www.centroarco.com\/curso-de-ventas\/estrategias-de-ventas\/la-clave-el-valor-anadido-estrategias-de-ventas\/#primaryimage\",\"inLanguage\":\"en-US\",\"url\":\"http:\/\/www.centroarco.com\/wp-content\/uploads\/2016\/12\/cliente-de-gasolinera-1024x768.jpg\",\"contentUrl\":\"http:\/\/www.centroarco.com\/wp-content\/uploads\/2016\/12\/cliente-de-gasolinera-1024x768.jpg\"},{\"@type\":\"WebPage\",\"@id\":\"https:\/\/www.centroarco.com\/curso-de-ventas\/estrategias-de-ventas\/la-clave-el-valor-anadido-estrategias-de-ventas\/#webpage\",\"url\":\"https:\/\/www.centroarco.com\/curso-de-ventas\/estrategias-de-ventas\/la-clave-el-valor-anadido-estrategias-de-ventas\/\",\"name\":\"(Espa\u00f1ol) La clave: el valor a\u00f1adido\",\"isPartOf\":{\"@id\":\"https:\/\/www.centroarco.com\/en\/#website\"},\"primaryImageOfPage\":{\"@id\":\"https:\/\/www.centroarco.com\/curso-de-ventas\/estrategias-de-ventas\/la-clave-el-valor-anadido-estrategias-de-ventas\/#primaryimage\"},\"datePublished\":\"2016-12-26T16:59:40+00:00\",\"dateModified\":\"2016-12-28T23:16:15+00:00\",\"description\":\"(Espa\u00f1ol) Te explicamos con ejemplos c\u00f3mo puedes aportar a tus clientes m\u00e1s valor a\u00f1adido para que vendas m\u00e1s y ganes m\u00e1s dinero.\",\"breadcrumb\":{\"@id\":\"https:\/\/www.centroarco.com\/curso-de-ventas\/estrategias-de-ventas\/la-clave-el-valor-anadido-estrategias-de-ventas\/#breadcrumb\"},\"inLanguage\":\"en-US\",\"potentialAction\":[{\"@type\":\"ReadAction\",\"target\":[\"https:\/\/www.centroarco.com\/curso-de-ventas\/estrategias-de-ventas\/la-clave-el-valor-anadido-estrategias-de-ventas\/\"]}]},{\"@type\":\"BreadcrumbList\",\"@id\":\"https:\/\/www.centroarco.com\/curso-de-ventas\/estrategias-de-ventas\/la-clave-el-valor-anadido-estrategias-de-ventas\/#breadcrumb\",\"itemListElement\":[{\"@type\":\"ListItem\",\"position\":1,\"name\":\"Portada\",\"item\":\"https:\/\/www.centroarco.com\/en\/\"},{\"@type\":\"ListItem\",\"position\":2,\"name\":\"Curso de ventas\",\"item\":\"https:\/\/www.centroarco.com\/curso-de-ventas\/\"},{\"@type\":\"ListItem\",\"position\":3,\"name\":\"(Espa\u00f1ol) Estrategias de ventas | Curso de ventas\",\"item\":\"https:\/\/www.centroarco.com\/curso-de-ventas\/estrategias-de-ventas\/\"},{\"@type\":\"ListItem\",\"position\":4,\"name\":\"(Espa\u00f1ol) La clave: el valor a\u00f1adido | Estrategias de ventas\"}]}]}<\/script>\n<!-- \/ Yoast SEO plugin. -->","yoast_head_json":{"title":"(Espa\u00f1ol) La clave: el valor a\u00f1adido","description":"(Espa\u00f1ol) Te explicamos con ejemplos c\u00f3mo puedes aportar a tus clientes m\u00e1s valor a\u00f1adido para que vendas m\u00e1s y ganes m\u00e1s dinero.","robots":{"index":"index","follow":"follow","max-snippet":"max-snippet:-1","max-image-preview":"max-image-preview:large","max-video-preview":"max-video-preview:-1"},"canonical":"https:\/\/www.centroarco.com\/curso-de-ventas\/estrategias-de-ventas\/la-clave-el-valor-anadido-estrategias-de-ventas\/","og_locale":"en_US","og_type":"article","og_title":"(Espa\u00f1ol) La clave: el valor a\u00f1adido","og_description":"(Espa\u00f1ol) Te explicamos con ejemplos c\u00f3mo puedes aportar a tus clientes m\u00e1s valor a\u00f1adido para que vendas m\u00e1s y ganes m\u00e1s dinero.","og_url":"https:\/\/www.centroarco.com\/curso-de-ventas\/estrategias-de-ventas\/la-clave-el-valor-anadido-estrategias-de-ventas\/","og_site_name":"Center for High Commercial Performance","article_modified_time":"2016-12-28T23:16:15+00:00","og_image":[{"url":"http:\/\/www.centroarco.com\/wp-content\/uploads\/2016\/12\/cliente-de-gasolinera-1024x768.jpg"}],"twitter_card":"summary","twitter_misc":{"Est. reading time":"3 minutes"},"schema":{"@context":"https:\/\/schema.org","@graph":[{"@type":"WebSite","@id":"https:\/\/www.centroarco.com\/en\/#website","url":"https:\/\/www.centroarco.com\/en\/","name":"Center for High Commercial Performance","description":"Online Course in Sales Techniques","potentialAction":[{"@type":"SearchAction","target":{"@type":"EntryPoint","urlTemplate":"https:\/\/www.centroarco.com\/en\/?s={search_term_string}"},"query-input":"required name=search_term_string"}],"inLanguage":"en-US"},{"@type":"ImageObject","@id":"https:\/\/www.centroarco.com\/curso-de-ventas\/estrategias-de-ventas\/la-clave-el-valor-anadido-estrategias-de-ventas\/#primaryimage","inLanguage":"en-US","url":"http:\/\/www.centroarco.com\/wp-content\/uploads\/2016\/12\/cliente-de-gasolinera-1024x768.jpg","contentUrl":"http:\/\/www.centroarco.com\/wp-content\/uploads\/2016\/12\/cliente-de-gasolinera-1024x768.jpg"},{"@type":"WebPage","@id":"https:\/\/www.centroarco.com\/curso-de-ventas\/estrategias-de-ventas\/la-clave-el-valor-anadido-estrategias-de-ventas\/#webpage","url":"https:\/\/www.centroarco.com\/curso-de-ventas\/estrategias-de-ventas\/la-clave-el-valor-anadido-estrategias-de-ventas\/","name":"(Espa\u00f1ol) La clave: el valor a\u00f1adido","isPartOf":{"@id":"https:\/\/www.centroarco.com\/en\/#website"},"primaryImageOfPage":{"@id":"https:\/\/www.centroarco.com\/curso-de-ventas\/estrategias-de-ventas\/la-clave-el-valor-anadido-estrategias-de-ventas\/#primaryimage"},"datePublished":"2016-12-26T16:59:40+00:00","dateModified":"2016-12-28T23:16:15+00:00","description":"(Espa\u00f1ol) Te explicamos con ejemplos c\u00f3mo puedes aportar a tus clientes m\u00e1s valor a\u00f1adido para que vendas m\u00e1s y ganes m\u00e1s dinero.","breadcrumb":{"@id":"https:\/\/www.centroarco.com\/curso-de-ventas\/estrategias-de-ventas\/la-clave-el-valor-anadido-estrategias-de-ventas\/#breadcrumb"},"inLanguage":"en-US","potentialAction":[{"@type":"ReadAction","target":["https:\/\/www.centroarco.com\/curso-de-ventas\/estrategias-de-ventas\/la-clave-el-valor-anadido-estrategias-de-ventas\/"]}]},{"@type":"BreadcrumbList","@id":"https:\/\/www.centroarco.com\/curso-de-ventas\/estrategias-de-ventas\/la-clave-el-valor-anadido-estrategias-de-ventas\/#breadcrumb","itemListElement":[{"@type":"ListItem","position":1,"name":"Portada","item":"https:\/\/www.centroarco.com\/en\/"},{"@type":"ListItem","position":2,"name":"Curso de ventas","item":"https:\/\/www.centroarco.com\/curso-de-ventas\/"},{"@type":"ListItem","position":3,"name":"(Espa\u00f1ol) Estrategias de ventas | Curso de ventas","item":"https:\/\/www.centroarco.com\/curso-de-ventas\/estrategias-de-ventas\/"},{"@type":"ListItem","position":4,"name":"(Espa\u00f1ol) La clave: el valor a\u00f1adido | Estrategias de ventas"}]}]}},"_links":{"self":[{"href":"https:\/\/www.centroarco.com\/en\/wp-json\/wp\/v2\/pages\/565"}],"collection":[{"href":"https:\/\/www.centroarco.com\/en\/wp-json\/wp\/v2\/pages"}],"about":[{"href":"https:\/\/www.centroarco.com\/en\/wp-json\/wp\/v2\/types\/page"}],"author":[{"embeddable":true,"href":"https:\/\/www.centroarco.com\/en\/wp-json\/wp\/v2\/users\/1"}],"replies":[{"embeddable":true,"href":"https:\/\/www.centroarco.com\/en\/wp-json\/wp\/v2\/comments?post=565"}],"version-history":[{"count":8,"href":"https:\/\/www.centroarco.com\/en\/wp-json\/wp\/v2\/pages\/565\/revisions"}],"predecessor-version":[{"id":667,"href":"https:\/\/www.centroarco.com\/en\/wp-json\/wp\/v2\/pages\/565\/revisions\/667"}],"up":[{"embeddable":true,"href":"https:\/\/www.centroarco.com\/en\/wp-json\/wp\/v2\/pages\/536"}],"wp:attachment":[{"href":"https:\/\/www.centroarco.com\/en\/wp-json\/wp\/v2\/media?parent=565"}],"curies":[{"name":"wp","href":"https:\/\/api.w.org\/{rel}","templated":true}]}}