{"id":50,"date":"2015-07-24T09:09:06","date_gmt":"2015-07-24T09:09:06","guid":{"rendered":"http:\/\/www.centroarco.com\/wp\/?page_id=50"},"modified":"2020-04-17T13:26:33","modified_gmt":"2020-04-17T11:26:33","slug":"blog","status":"publish","type":"page","link":"https:\/\/www.centroarco.com\/en\/blog\/","title":{"rendered":"Blog"},"content":{"rendered":"\n\n<div class=\"su-posts su-posts-default-loop \">\n\n\t\n\t\t\n\t\t\t<div id=\"su-post-1417\" class=\"su-post \">\n\n\t\t\t\t\n\t\t\t\t<h2 class=\"su-post-title\"><a href=\"https:\/\/www.centroarco.com\/en\/2022\/08\/04\/espanol-las-10-claves-del-bienestar-descarga-en-pdf\/\">(Espa\u00f1ol) Las 10 claves del bienestar. Descarga en PDF<\/a><\/h2>\n\n\t\t\t\t<div class=\"su-post-meta\">\n\t\t\t\t\tPublicado: 4 August, 2022\t\t\t\t<\/div>\n\n\t\t\t\t<div class=\"su-post-excerpt\">\n\t\t\t\t\t<p>Sorry, this entry is only available in European Spanish.<\/p>\n\t\t\t\t<\/div>\n\n\t\t\t\t\n\t\t\t<\/div>\n\n\t\t\n\t\t\t<div id=\"su-post-1413\" class=\"su-post \">\n\n\t\t\t\t\n\t\t\t\t<h2 class=\"su-post-title\"><a href=\"https:\/\/www.centroarco.com\/en\/2022\/07\/25\/espanol-conferencia-motivante-en-tecnicas-de-venta\/\">(Espa\u00f1ol) Conferencia motivante en t\u00e9cnicas de venta<\/a><\/h2>\n\n\t\t\t\t<div class=\"su-post-meta\">\n\t\t\t\t\tPublicado: 25 July, 2022\t\t\t\t<\/div>\n\n\t\t\t\t<div class=\"su-post-excerpt\">\n\t\t\t\t\t<p>Sorry, this entry is only available in European Spanish.<\/p>\n\t\t\t\t<\/div>\n\n\t\t\t\t\n\t\t\t<\/div>\n\n\t\t\n\t\t\t<div id=\"su-post-1242\" class=\"su-post \">\n\n\t\t\t\t\t\t\t\t\t<a class=\"su-post-thumbnail\" href=\"https:\/\/www.centroarco.com\/en\/2020\/04\/15\/espanol-la-formacion-continua-la-importancia-del-seguimiento\/\"><img width=\"2248\" height=\"1500\" src=\"https:\/\/www.centroarco.com\/wp-content\/uploads\/2020\/04\/profesor-de-formacion-continua.jpeg\" class=\"attachment-post-thumbnail size-post-thumbnail wp-post-image\" alt=\"\" loading=\"lazy\" srcset=\"https:\/\/www.centroarco.com\/wp-content\/uploads\/2020\/04\/profesor-de-formacion-continua.jpeg 2248w, https:\/\/www.centroarco.com\/wp-content\/uploads\/2020\/04\/profesor-de-formacion-continua-300x200.jpeg 300w, https:\/\/www.centroarco.com\/wp-content\/uploads\/2020\/04\/profesor-de-formacion-continua-1024x683.jpeg 1024w, https:\/\/www.centroarco.com\/wp-content\/uploads\/2020\/04\/profesor-de-formacion-continua-768x512.jpeg 768w, https:\/\/www.centroarco.com\/wp-content\/uploads\/2020\/04\/profesor-de-formacion-continua-1536x1025.jpeg 1536w, https:\/\/www.centroarco.com\/wp-content\/uploads\/2020\/04\/profesor-de-formacion-continua-2048x1367.jpeg 2048w, https:\/\/www.centroarco.com\/wp-content\/uploads\/2020\/04\/profesor-de-formacion-continua-272x182.jpeg 272w\" sizes=\"(max-width: 2248px) 100vw, 2248px\" \/><\/a>\n\t\t\t\t\n\t\t\t\t<h2 class=\"su-post-title\"><a href=\"https:\/\/www.centroarco.com\/en\/2020\/04\/15\/espanol-la-formacion-continua-la-importancia-del-seguimiento\/\">(Espa\u00f1ol) La formaci\u00f3n continua: La importancia del seguimiento<\/a><\/h2>\n\n\t\t\t\t<div class=\"su-post-meta\">\n\t\t\t\t\tPublicado: 15 April, 2020\t\t\t\t<\/div>\n\n\t\t\t\t<div class=\"su-post-excerpt\">\n\t\t\t\t\t<p>Sorry, this entry is only available in European Spanish.<\/p>\n\t\t\t\t<\/div>\n\n\t\t\t\t\n\t\t\t<\/div>\n\n\t\t\n\t\t\t<div id=\"su-post-1224\" class=\"su-post \">\n\n\t\t\t\t\t\t\t\t\t<a class=\"su-post-thumbnail\" href=\"https:\/\/www.centroarco.com\/en\/2020\/04\/15\/espanol-3-claves-del-liderazgo-transformacional\/\"><img width=\"1618\" height=\"1092\" src=\"https:\/\/www.centroarco.com\/wp-content\/uploads\/2020\/04\/liderazgo-transformacional.jpg\" class=\"attachment-post-thumbnail size-post-thumbnail wp-post-image\" alt=\"Liderazgo transformacional\" loading=\"lazy\" srcset=\"https:\/\/www.centroarco.com\/wp-content\/uploads\/2020\/04\/liderazgo-transformacional.jpg 1618w, https:\/\/www.centroarco.com\/wp-content\/uploads\/2020\/04\/liderazgo-transformacional-300x202.jpg 300w, https:\/\/www.centroarco.com\/wp-content\/uploads\/2020\/04\/liderazgo-transformacional-1024x691.jpg 1024w, https:\/\/www.centroarco.com\/wp-content\/uploads\/2020\/04\/liderazgo-transformacional-768x518.jpg 768w, https:\/\/www.centroarco.com\/wp-content\/uploads\/2020\/04\/liderazgo-transformacional-1536x1037.jpg 1536w\" sizes=\"(max-width: 1618px) 100vw, 1618px\" \/><\/a>\n\t\t\t\t\n\t\t\t\t<h2 class=\"su-post-title\"><a href=\"https:\/\/www.centroarco.com\/en\/2020\/04\/15\/espanol-3-claves-del-liderazgo-transformacional\/\">(Espa\u00f1ol) 3 claves del liderazgo transformacional<\/a><\/h2>\n\n\t\t\t\t<div class=\"su-post-meta\">\n\t\t\t\t\tPublicado: 15 April, 2020\t\t\t\t<\/div>\n\n\t\t\t\t<div class=\"su-post-excerpt\">\n\t\t\t\t\t<p>Sorry, this entry is only available in European Spanish.<\/p>\n\t\t\t\t<\/div>\n\n\t\t\t\t\n\t\t\t<\/div>\n\n\t\t\n\t\t\t<div id=\"su-post-1211\" class=\"su-post \">\n\n\t\t\t\t\t\t\t\t\t<a class=\"su-post-thumbnail\" href=\"https:\/\/www.centroarco.com\/en\/2020\/04\/09\/espanol-3-claves-para-liderar-una-reunion\/\"><img width=\"1196\" height=\"834\" src=\"https:\/\/www.centroarco.com\/wp-content\/uploads\/2020\/04\/liderar-una-reunion.jpg\" class=\"attachment-post-thumbnail size-post-thumbnail wp-post-image\" alt=\"liderar una reunion\" loading=\"lazy\" srcset=\"https:\/\/www.centroarco.com\/wp-content\/uploads\/2020\/04\/liderar-una-reunion.jpg 1196w, https:\/\/www.centroarco.com\/wp-content\/uploads\/2020\/04\/liderar-una-reunion-300x209.jpg 300w, https:\/\/www.centroarco.com\/wp-content\/uploads\/2020\/04\/liderar-una-reunion-1024x714.jpg 1024w, https:\/\/www.centroarco.com\/wp-content\/uploads\/2020\/04\/liderar-una-reunion-768x536.jpg 768w\" sizes=\"(max-width: 1196px) 100vw, 1196px\" \/><\/a>\n\t\t\t\t\n\t\t\t\t<h2 class=\"su-post-title\"><a href=\"https:\/\/www.centroarco.com\/en\/2020\/04\/09\/espanol-3-claves-para-liderar-una-reunion\/\">(Espa\u00f1ol) 3 claves para liderar una reuni\u00f3n<\/a><\/h2>\n\n\t\t\t\t<div class=\"su-post-meta\">\n\t\t\t\t\tPublicado: 9 April, 2020\t\t\t\t<\/div>\n\n\t\t\t\t<div class=\"su-post-excerpt\">\n\t\t\t\t\t<p>Sorry, this entry is only available in European Spanish.<\/p>\n\t\t\t\t<\/div>\n\n\t\t\t\t\n\t\t\t<\/div>\n\n\t\t\n\t\t\t<div id=\"su-post-988\" class=\"su-post \">\n\n\t\t\t\t\t\t\t\t\t<a class=\"su-post-thumbnail\" href=\"https:\/\/www.centroarco.com\/en\/2020\/03\/23\/espanol-las-ventas-caen-por-el-coronavirus-y-ahora-que\/\"><img width=\"1222\" height=\"704\" src=\"https:\/\/www.centroarco.com\/wp-content\/uploads\/2020\/03\/CORONAVIRUS-y-ventas.jpg\" class=\"attachment-post-thumbnail size-post-thumbnail wp-post-image\" alt=\"Coronavirus y ventas\" loading=\"lazy\" srcset=\"https:\/\/www.centroarco.com\/wp-content\/uploads\/2020\/03\/CORONAVIRUS-y-ventas.jpg 1222w, https:\/\/www.centroarco.com\/wp-content\/uploads\/2020\/03\/CORONAVIRUS-y-ventas-300x173.jpg 300w, https:\/\/www.centroarco.com\/wp-content\/uploads\/2020\/03\/CORONAVIRUS-y-ventas-768x442.jpg 768w, https:\/\/www.centroarco.com\/wp-content\/uploads\/2020\/03\/CORONAVIRUS-y-ventas-1024x590.jpg 1024w\" sizes=\"(max-width: 1222px) 100vw, 1222px\" \/><\/a>\n\t\t\t\t\n\t\t\t\t<h2 class=\"su-post-title\"><a href=\"https:\/\/www.centroarco.com\/en\/2020\/03\/23\/espanol-las-ventas-caen-por-el-coronavirus-y-ahora-que\/\">(Espa\u00f1ol) Las ventas caen por el coronavirus. \u00bfY ahora qu\u00e9?<\/a><\/h2>\n\n\t\t\t\t<div class=\"su-post-meta\">\n\t\t\t\t\tPublicado: 23 March, 2020\t\t\t\t<\/div>\n\n\t\t\t\t<div class=\"su-post-excerpt\">\n\t\t\t\t\t<p>Sorry, this entry is only available in European Spanish.<\/p>\n\t\t\t\t<\/div>\n\n\t\t\t\t\n\t\t\t<\/div>\n\n\t\t\n\t\t\t<div id=\"su-post-935\" class=\"su-post \">\n\n\t\t\t\t\t\t\t\t\t<a class=\"su-post-thumbnail\" href=\"https:\/\/www.centroarco.com\/en\/2019\/12\/09\/10-consejos-para-realizar-una-venta-exitosa\/\"><img width=\"700\" height=\"402\" src=\"https:\/\/www.centroarco.com\/wp-content\/uploads\/2020\/03\/curso-de-formador-de-formadores-1.jpg\" class=\"attachment-post-thumbnail size-post-thumbnail wp-post-image\" alt=\"Curso de formador de formadores\" loading=\"lazy\" srcset=\"https:\/\/www.centroarco.com\/wp-content\/uploads\/2020\/03\/curso-de-formador-de-formadores-1.jpg 700w, https:\/\/www.centroarco.com\/wp-content\/uploads\/2020\/03\/curso-de-formador-de-formadores-1-300x172.jpg 300w\" sizes=\"(max-width: 700px) 100vw, 700px\" \/><\/a>\n\t\t\t\t\n\t\t\t\t<h2 class=\"su-post-title\"><a href=\"https:\/\/www.centroarco.com\/en\/2019\/12\/09\/10-consejos-para-realizar-una-venta-exitosa\/\">10 consejos para realizar una venta exitosa<\/a><\/h2>\n\n\t\t\t\t<div class=\"su-post-meta\">\n\t\t\t\t\tPublicado: 9 December, 2019\t\t\t\t<\/div>\n\n\t\t\t\t<div class=\"su-post-excerpt\">\n\t\t\t\t\t<p>Vender es un arte y la verdad, no se requieren las habilidades para ser exitoso en el casino o la bolsa, pero s\u00ed se necesita de mucha experiencia y disciplina.Entre los mejores consejos que podemos dar para que realices ventas exitosas aqu\u00ed est\u00e1n estos 10. 1. Se consistenteNada crear\u00e1 m\u00e1s \u00e9xito que dar un paso<\/p>\n\t\t\t\t<\/div>\n\n\t\t\t\t\n\t\t\t<\/div>\n\n\t\t\n\t\t\t<div id=\"su-post-863\" class=\"su-post \">\n\n\t\t\t\t\t\t\t\t\t<a class=\"su-post-thumbnail\" href=\"https:\/\/www.centroarco.com\/en\/2017\/01\/26\/espanol-cursos-de-ventas-en-valencia-madrid-y-barcelona\/\"><img width=\"872\" height=\"808\" src=\"https:\/\/www.centroarco.com\/wp-content\/uploads\/2020\/03\/curso-de-formador-de-formadores.jpg\" class=\"attachment-post-thumbnail size-post-thumbnail wp-post-image\" alt=\"curso de formaci\u00f3n de formadores\" loading=\"lazy\" srcset=\"https:\/\/www.centroarco.com\/wp-content\/uploads\/2020\/03\/curso-de-formador-de-formadores.jpg 872w, https:\/\/www.centroarco.com\/wp-content\/uploads\/2020\/03\/curso-de-formador-de-formadores-300x278.jpg 300w, https:\/\/www.centroarco.com\/wp-content\/uploads\/2020\/03\/curso-de-formador-de-formadores-768x712.jpg 768w\" sizes=\"(max-width: 872px) 100vw, 872px\" \/><\/a>\n\t\t\t\t\n\t\t\t\t<h2 class=\"su-post-title\"><a href=\"https:\/\/www.centroarco.com\/en\/2017\/01\/26\/espanol-cursos-de-ventas-en-valencia-madrid-y-barcelona\/\">(Espa\u00f1ol) Cursos de ventas en Valencia, Madrid y Barcelona<\/a><\/h2>\n\n\t\t\t\t<div class=\"su-post-meta\">\n\t\t\t\t\tPublicado: 26 January, 2017\t\t\t\t<\/div>\n\n\t\t\t\t<div class=\"su-post-excerpt\">\n\t\t\t\t\t<p>Sorry, this entry is only available in European Spanish.<\/p>\n\t\t\t\t<\/div>\n\n\t\t\t\t\n\t\t\t<\/div>\n\n\t\t\n\t\t\t<div id=\"su-post-709\" class=\"su-post \">\n\n\t\t\t\t\t\t\t\t\t<a class=\"su-post-thumbnail\" href=\"https:\/\/www.centroarco.com\/en\/2017\/01\/11\/espanol-ideas-para-vender-mas\/\"><img width=\"1016\" height=\"766\" src=\"https:\/\/www.centroarco.com\/wp-content\/uploads\/2017\/01\/ideas-para-vender-ma\u0301s.jpg\" class=\"attachment-post-thumbnail size-post-thumbnail wp-post-image\" alt=\"ideas para vender m\u00e1s\" loading=\"lazy\" srcset=\"https:\/\/www.centroarco.com\/wp-content\/uploads\/2017\/01\/ideas-para-vender-ma\u0301s.jpg 1016w, https:\/\/www.centroarco.com\/wp-content\/uploads\/2017\/01\/ideas-para-vender-ma\u0301s-300x226.jpg 300w, https:\/\/www.centroarco.com\/wp-content\/uploads\/2017\/01\/ideas-para-vender-ma\u0301s-768x579.jpg 768w\" sizes=\"(max-width: 1016px) 100vw, 1016px\" \/><\/a>\n\t\t\t\t\n\t\t\t\t<h2 class=\"su-post-title\"><a href=\"https:\/\/www.centroarco.com\/en\/2017\/01\/11\/espanol-ideas-para-vender-mas\/\">(Espa\u00f1ol) Ideas para vender m\u00e1s<\/a><\/h2>\n\n\t\t\t\t<div class=\"su-post-meta\">\n\t\t\t\t\tPublicado: 11 January, 2017\t\t\t\t<\/div>\n\n\t\t\t\t<div class=\"su-post-excerpt\">\n\t\t\t\t\t<p>Sorry, this entry is only available in European Spanish.<\/p>\n\t\t\t\t<\/div>\n\n\t\t\t\t\n\t\t\t<\/div>\n\n\t\t\n\t\t\t<div id=\"su-post-706\" class=\"su-post \">\n\n\t\t\t\t\t\t\t\t\t<a class=\"su-post-thumbnail\" href=\"https:\/\/www.centroarco.com\/en\/2017\/01\/09\/espanol-los-3-secretos-de-la-venta-consultiva\/\"><img width=\"1188\" height=\"776\" src=\"https:\/\/www.centroarco.com\/wp-content\/uploads\/2017\/01\/Sin-ti\u0301tulo-2.jpg\" class=\"attachment-post-thumbnail size-post-thumbnail wp-post-image\" alt=\"venta consultiva\" loading=\"lazy\" srcset=\"https:\/\/www.centroarco.com\/wp-content\/uploads\/2017\/01\/Sin-ti\u0301tulo-2.jpg 1188w, https:\/\/www.centroarco.com\/wp-content\/uploads\/2017\/01\/Sin-ti\u0301tulo-2-300x196.jpg 300w, https:\/\/www.centroarco.com\/wp-content\/uploads\/2017\/01\/Sin-ti\u0301tulo-2-768x502.jpg 768w, https:\/\/www.centroarco.com\/wp-content\/uploads\/2017\/01\/Sin-ti\u0301tulo-2-1024x669.jpg 1024w\" sizes=\"(max-width: 1188px) 100vw, 1188px\" \/><\/a>\n\t\t\t\t\n\t\t\t\t<h2 class=\"su-post-title\"><a href=\"https:\/\/www.centroarco.com\/en\/2017\/01\/09\/espanol-los-3-secretos-de-la-venta-consultiva\/\">(Espa\u00f1ol) Los 3 secretos de la venta consultiva<\/a><\/h2>\n\n\t\t\t\t<div class=\"su-post-meta\">\n\t\t\t\t\tPublicado: 9 January, 2017\t\t\t\t<\/div>\n\n\t\t\t\t<div class=\"su-post-excerpt\">\n\t\t\t\t\t<p>Sorry, this entry is only available in European Spanish.<\/p>\n\t\t\t\t<\/div>\n\n\t\t\t\t\n\t\t\t<\/div>\n\n\t\t\n\t\n<\/div>\n\n","protected":false},"excerpt":{"rendered":"","protected":false},"author":1,"featured_media":0,"parent":0,"menu_order":0,"comment_status":"closed","ping_status":"closed","template":"fullwidth.php","meta":[],"yoast_head":"<!-- This site is optimized with the Yoast SEO plugin v18.5.1 - https:\/\/yoast.com\/wordpress\/plugins\/seo\/ -->\n<title>Blog<\/title>\n<meta name=\"robots\" content=\"index, follow, max-snippet:-1, max-image-preview:large, max-video-preview:-1\" \/>\n<link rel=\"canonical\" href=\"https:\/\/www.centroarco.com\/blog\/\" \/>\n<meta property=\"og:locale\" content=\"en_US\" \/>\n<meta property=\"og:type\" content=\"article\" \/>\n<meta property=\"og:title\" content=\"Blog\" \/>\n<meta property=\"og:url\" content=\"https:\/\/www.centroarco.com\/blog\/\" \/>\n<meta property=\"og:site_name\" content=\"Center for High Commercial Performance\" \/>\n<meta property=\"article:modified_time\" content=\"2020-04-17T11:26:33+00:00\" \/>\n<meta name=\"twitter:card\" content=\"summary\" \/>\n<script type=\"application\/ld+json\" class=\"yoast-schema-graph\">{\"@context\":\"https:\/\/schema.org\",\"@graph\":[{\"@type\":\"WebSite\",\"@id\":\"https:\/\/www.centroarco.com\/en\/#website\",\"url\":\"https:\/\/www.centroarco.com\/en\/\",\"name\":\"Center for High Commercial Performance\",\"description\":\"Online Course in Sales Techniques\",\"potentialAction\":[{\"@type\":\"SearchAction\",\"target\":{\"@type\":\"EntryPoint\",\"urlTemplate\":\"https:\/\/www.centroarco.com\/en\/?s={search_term_string}\"},\"query-input\":\"required name=search_term_string\"}],\"inLanguage\":\"en-US\"},{\"@type\":\"WebPage\",\"@id\":\"https:\/\/www.centroarco.com\/blog\/#webpage\",\"url\":\"https:\/\/www.centroarco.com\/blog\/\",\"name\":\"Blog\",\"isPartOf\":{\"@id\":\"https:\/\/www.centroarco.com\/en\/#website\"},\"datePublished\":\"2015-07-24T09:09:06+00:00\",\"dateModified\":\"2020-04-17T11:26:33+00:00\",\"breadcrumb\":{\"@id\":\"https:\/\/www.centroarco.com\/blog\/#breadcrumb\"},\"inLanguage\":\"en-US\",\"potentialAction\":[{\"@type\":\"ReadAction\",\"target\":[\"https:\/\/www.centroarco.com\/blog\/\"]}]},{\"@type\":\"BreadcrumbList\",\"@id\":\"https:\/\/www.centroarco.com\/blog\/#breadcrumb\",\"itemListElement\":[{\"@type\":\"ListItem\",\"position\":1,\"name\":\"Portada\",\"item\":\"https:\/\/www.centroarco.com\/en\/\"},{\"@type\":\"ListItem\",\"position\":2,\"name\":\"Blog\"}]}]}<\/script>\n<!-- \/ Yoast SEO plugin. -->","yoast_head_json":{"title":"Blog","robots":{"index":"index","follow":"follow","max-snippet":"max-snippet:-1","max-image-preview":"max-image-preview:large","max-video-preview":"max-video-preview:-1"},"canonical":"https:\/\/www.centroarco.com\/blog\/","og_locale":"en_US","og_type":"article","og_title":"Blog","og_url":"https:\/\/www.centroarco.com\/blog\/","og_site_name":"Center for High Commercial Performance","article_modified_time":"2020-04-17T11:26:33+00:00","twitter_card":"summary","schema":{"@context":"https:\/\/schema.org","@graph":[{"@type":"WebSite","@id":"https:\/\/www.centroarco.com\/en\/#website","url":"https:\/\/www.centroarco.com\/en\/","name":"Center for High Commercial Performance","description":"Online Course in Sales Techniques","potentialAction":[{"@type":"SearchAction","target":{"@type":"EntryPoint","urlTemplate":"https:\/\/www.centroarco.com\/en\/?s={search_term_string}"},"query-input":"required name=search_term_string"}],"inLanguage":"en-US"},{"@type":"WebPage","@id":"https:\/\/www.centroarco.com\/blog\/#webpage","url":"https:\/\/www.centroarco.com\/blog\/","name":"Blog","isPartOf":{"@id":"https:\/\/www.centroarco.com\/en\/#website"},"datePublished":"2015-07-24T09:09:06+00:00","dateModified":"2020-04-17T11:26:33+00:00","breadcrumb":{"@id":"https:\/\/www.centroarco.com\/blog\/#breadcrumb"},"inLanguage":"en-US","potentialAction":[{"@type":"ReadAction","target":["https:\/\/www.centroarco.com\/blog\/"]}]},{"@type":"BreadcrumbList","@id":"https:\/\/www.centroarco.com\/blog\/#breadcrumb","itemListElement":[{"@type":"ListItem","position":1,"name":"Portada","item":"https:\/\/www.centroarco.com\/en\/"},{"@type":"ListItem","position":2,"name":"Blog"}]}]}},"_links":{"self":[{"href":"https:\/\/www.centroarco.com\/en\/wp-json\/wp\/v2\/pages\/50"}],"collection":[{"href":"https:\/\/www.centroarco.com\/en\/wp-json\/wp\/v2\/pages"}],"about":[{"href":"https:\/\/www.centroarco.com\/en\/wp-json\/wp\/v2\/types\/page"}],"author":[{"embeddable":true,"href":"https:\/\/www.centroarco.com\/en\/wp-json\/wp\/v2\/users\/1"}],"replies":[{"embeddable":true,"href":"https:\/\/www.centroarco.com\/en\/wp-json\/wp\/v2\/comments?post=50"}],"version-history":[{"count":1,"href":"https:\/\/www.centroarco.com\/en\/wp-json\/wp\/v2\/pages\/50\/revisions"}],"predecessor-version":[{"id":51,"href":"https:\/\/www.centroarco.com\/en\/wp-json\/wp\/v2\/pages\/50\/revisions\/51"}],"wp:attachment":[{"href":"https:\/\/www.centroarco.com\/en\/wp-json\/wp\/v2\/media?parent=50"}],"curies":[{"name":"wp","href":"https:\/\/api.w.org\/{rel}","templated":true}]}}