{"id":463,"date":"2016-12-24T15:14:07","date_gmt":"2016-12-24T14:14:07","guid":{"rendered":"http:\/\/www.centroarco.com\/?page_id=463"},"modified":"2017-01-23T15:34:55","modified_gmt":"2017-01-23T14:34:55","slug":"objeciones-mas-frecuentes","status":"publish","type":"page","link":"https:\/\/www.centroarco.com\/en\/course-in-sales-techniques\/espanol-objeciones-mas-frecuentes\/","title":{"rendered":"(Espa\u00f1ol) Objeciones m\u00e1s frecuentes"},"content":{"rendered":"<p class=\"qtranxs-available-languages-message qtranxs-available-languages-message-en\">Sorry, this entry is only available in <a href=\"https:\/\/www.centroarco.com\/es\/wp-json\/wp\/v2\/pages\/463\" class=\"qtranxs-available-language-link qtranxs-available-language-link-es\" title=\"Espa\u00f1ol\">European Spanish<\/a>.<\/p>","protected":false},"excerpt":{"rendered":"<p>Sorry, this entry is only available in European Spanish.<\/p>\n","protected":false},"author":1,"featured_media":0,"parent":466,"menu_order":0,"comment_status":"closed","ping_status":"closed","template":"page-leftsb.php","meta":[],"yoast_head":"<!-- This site is optimized with the Yoast SEO plugin v18.5.1 - https:\/\/yoast.com\/wordpress\/plugins\/seo\/ -->\n<title>(Espa\u00f1ol) Respuestas para todas las objeciones del cliente | Curso de ventas<\/title>\n<meta name=\"description\" content=\"(Espa\u00f1ol) La clave de vender se encuentra en conocer las respuestas a las objeciones del cliente. \u00bfQu\u00e9 pasar\u00eda si tuvieses siempre una buena respuesta? Vender\u00edas m\u00e1s\" \/>\n<meta name=\"robots\" content=\"index, follow, max-snippet:-1, max-image-preview:large, max-video-preview:-1\" \/>\n<link rel=\"canonical\" href=\"https:\/\/www.centroarco.com\/curso-de-ventas\/objeciones-mas-frecuentes\/\" \/>\n<meta property=\"og:locale\" content=\"en_US\" \/>\n<meta property=\"og:type\" content=\"article\" \/>\n<meta property=\"og:title\" content=\"(Espa\u00f1ol) Respuestas para todas las objeciones del cliente | Curso de ventas\" \/>\n<meta property=\"og:description\" content=\"(Espa\u00f1ol) La clave de vender se encuentra en conocer las respuestas a las objeciones del cliente. \u00bfQu\u00e9 pasar\u00eda si tuvieses siempre una buena respuesta? Vender\u00edas m\u00e1s\" \/>\n<meta property=\"og:url\" content=\"https:\/\/www.centroarco.com\/curso-de-ventas\/objeciones-mas-frecuentes\/\" \/>\n<meta property=\"og:site_name\" content=\"Center for High Commercial Performance\" \/>\n<meta property=\"article:modified_time\" content=\"2017-01-23T14:34:55+00:00\" \/>\n<meta property=\"og:image\" content=\"http:\/\/www.centroarco.com\/wp-content\/uploads\/2016\/12\/oferta-curso-ventas3.png\" \/>\n<meta name=\"twitter:card\" content=\"summary\" \/>\n<meta name=\"twitter:label1\" content=\"Est. reading time\" \/>\n\t<meta name=\"twitter:data1\" content=\"1 minute\" \/>\n<script type=\"application\/ld+json\" class=\"yoast-schema-graph\">{\"@context\":\"https:\/\/schema.org\",\"@graph\":[{\"@type\":\"WebSite\",\"@id\":\"https:\/\/www.centroarco.com\/en\/#website\",\"url\":\"https:\/\/www.centroarco.com\/en\/\",\"name\":\"Center for High Commercial Performance\",\"description\":\"Online Course in Sales Techniques\",\"potentialAction\":[{\"@type\":\"SearchAction\",\"target\":{\"@type\":\"EntryPoint\",\"urlTemplate\":\"https:\/\/www.centroarco.com\/en\/?s={search_term_string}\"},\"query-input\":\"required name=search_term_string\"}],\"inLanguage\":\"en-US\"},{\"@type\":\"ImageObject\",\"@id\":\"https:\/\/www.centroarco.com\/curso-de-ventas\/objeciones-mas-frecuentes\/#primaryimage\",\"inLanguage\":\"en-US\",\"url\":\"http:\/\/www.centroarco.com\/wp-content\/uploads\/2016\/12\/oferta-curso-ventas3.png\",\"contentUrl\":\"http:\/\/www.centroarco.com\/wp-content\/uploads\/2016\/12\/oferta-curso-ventas3.png\"},{\"@type\":\"WebPage\",\"@id\":\"https:\/\/www.centroarco.com\/curso-de-ventas\/objeciones-mas-frecuentes\/#webpage\",\"url\":\"https:\/\/www.centroarco.com\/curso-de-ventas\/objeciones-mas-frecuentes\/\",\"name\":\"(Espa\u00f1ol) Respuestas para todas las objeciones del cliente | Curso de ventas\",\"isPartOf\":{\"@id\":\"https:\/\/www.centroarco.com\/en\/#website\"},\"primaryImageOfPage\":{\"@id\":\"https:\/\/www.centroarco.com\/curso-de-ventas\/objeciones-mas-frecuentes\/#primaryimage\"},\"datePublished\":\"2016-12-24T14:14:07+00:00\",\"dateModified\":\"2017-01-23T14:34:55+00:00\",\"description\":\"(Espa\u00f1ol) La clave de vender se encuentra en conocer las respuestas a las objeciones del cliente. \u00bfQu\u00e9 pasar\u00eda si tuvieses siempre una buena respuesta? Vender\u00edas m\u00e1s\",\"breadcrumb\":{\"@id\":\"https:\/\/www.centroarco.com\/curso-de-ventas\/objeciones-mas-frecuentes\/#breadcrumb\"},\"inLanguage\":\"en-US\",\"potentialAction\":[{\"@type\":\"ReadAction\",\"target\":[\"https:\/\/www.centroarco.com\/curso-de-ventas\/objeciones-mas-frecuentes\/\"]}]},{\"@type\":\"BreadcrumbList\",\"@id\":\"https:\/\/www.centroarco.com\/curso-de-ventas\/objeciones-mas-frecuentes\/#breadcrumb\",\"itemListElement\":[{\"@type\":\"ListItem\",\"position\":1,\"name\":\"Portada\",\"item\":\"https:\/\/www.centroarco.com\/en\/\"},{\"@type\":\"ListItem\",\"position\":2,\"name\":\"Curso de ventas\",\"item\":\"https:\/\/www.centroarco.com\/curso-de-ventas\/\"},{\"@type\":\"ListItem\",\"position\":3,\"name\":\"(Espa\u00f1ol) Objeciones m\u00e1s frecuentes\"}]}]}<\/script>\n<!-- \/ Yoast SEO plugin. -->","yoast_head_json":{"title":"(Espa\u00f1ol) Respuestas para todas las objeciones del cliente | Curso de ventas","description":"(Espa\u00f1ol) La clave de vender se encuentra en conocer las respuestas a las objeciones del cliente. \u00bfQu\u00e9 pasar\u00eda si tuvieses siempre una buena respuesta? Vender\u00edas m\u00e1s","robots":{"index":"index","follow":"follow","max-snippet":"max-snippet:-1","max-image-preview":"max-image-preview:large","max-video-preview":"max-video-preview:-1"},"canonical":"https:\/\/www.centroarco.com\/curso-de-ventas\/objeciones-mas-frecuentes\/","og_locale":"en_US","og_type":"article","og_title":"(Espa\u00f1ol) Respuestas para todas las objeciones del cliente | Curso de ventas","og_description":"(Espa\u00f1ol) La clave de vender se encuentra en conocer las respuestas a las objeciones del cliente. \u00bfQu\u00e9 pasar\u00eda si tuvieses siempre una buena respuesta? Vender\u00edas m\u00e1s","og_url":"https:\/\/www.centroarco.com\/curso-de-ventas\/objeciones-mas-frecuentes\/","og_site_name":"Center for High Commercial Performance","article_modified_time":"2017-01-23T14:34:55+00:00","og_image":[{"url":"http:\/\/www.centroarco.com\/wp-content\/uploads\/2016\/12\/oferta-curso-ventas3.png"}],"twitter_card":"summary","twitter_misc":{"Est. reading time":"1 minute"},"schema":{"@context":"https:\/\/schema.org","@graph":[{"@type":"WebSite","@id":"https:\/\/www.centroarco.com\/en\/#website","url":"https:\/\/www.centroarco.com\/en\/","name":"Center for High Commercial Performance","description":"Online Course in Sales Techniques","potentialAction":[{"@type":"SearchAction","target":{"@type":"EntryPoint","urlTemplate":"https:\/\/www.centroarco.com\/en\/?s={search_term_string}"},"query-input":"required name=search_term_string"}],"inLanguage":"en-US"},{"@type":"ImageObject","@id":"https:\/\/www.centroarco.com\/curso-de-ventas\/objeciones-mas-frecuentes\/#primaryimage","inLanguage":"en-US","url":"http:\/\/www.centroarco.com\/wp-content\/uploads\/2016\/12\/oferta-curso-ventas3.png","contentUrl":"http:\/\/www.centroarco.com\/wp-content\/uploads\/2016\/12\/oferta-curso-ventas3.png"},{"@type":"WebPage","@id":"https:\/\/www.centroarco.com\/curso-de-ventas\/objeciones-mas-frecuentes\/#webpage","url":"https:\/\/www.centroarco.com\/curso-de-ventas\/objeciones-mas-frecuentes\/","name":"(Espa\u00f1ol) Respuestas para todas las objeciones del cliente | Curso de ventas","isPartOf":{"@id":"https:\/\/www.centroarco.com\/en\/#website"},"primaryImageOfPage":{"@id":"https:\/\/www.centroarco.com\/curso-de-ventas\/objeciones-mas-frecuentes\/#primaryimage"},"datePublished":"2016-12-24T14:14:07+00:00","dateModified":"2017-01-23T14:34:55+00:00","description":"(Espa\u00f1ol) La clave de vender se encuentra en conocer las respuestas a las objeciones del cliente. \u00bfQu\u00e9 pasar\u00eda si tuvieses siempre una buena respuesta? Vender\u00edas m\u00e1s","breadcrumb":{"@id":"https:\/\/www.centroarco.com\/curso-de-ventas\/objeciones-mas-frecuentes\/#breadcrumb"},"inLanguage":"en-US","potentialAction":[{"@type":"ReadAction","target":["https:\/\/www.centroarco.com\/curso-de-ventas\/objeciones-mas-frecuentes\/"]}]},{"@type":"BreadcrumbList","@id":"https:\/\/www.centroarco.com\/curso-de-ventas\/objeciones-mas-frecuentes\/#breadcrumb","itemListElement":[{"@type":"ListItem","position":1,"name":"Portada","item":"https:\/\/www.centroarco.com\/en\/"},{"@type":"ListItem","position":2,"name":"Curso de ventas","item":"https:\/\/www.centroarco.com\/curso-de-ventas\/"},{"@type":"ListItem","position":3,"name":"(Espa\u00f1ol) Objeciones m\u00e1s frecuentes"}]}]}},"_links":{"self":[{"href":"https:\/\/www.centroarco.com\/en\/wp-json\/wp\/v2\/pages\/463"}],"collection":[{"href":"https:\/\/www.centroarco.com\/en\/wp-json\/wp\/v2\/pages"}],"about":[{"href":"https:\/\/www.centroarco.com\/en\/wp-json\/wp\/v2\/types\/page"}],"author":[{"embeddable":true,"href":"https:\/\/www.centroarco.com\/en\/wp-json\/wp\/v2\/users\/1"}],"replies":[{"embeddable":true,"href":"https:\/\/www.centroarco.com\/en\/wp-json\/wp\/v2\/comments?post=463"}],"version-history":[{"count":7,"href":"https:\/\/www.centroarco.com\/en\/wp-json\/wp\/v2\/pages\/463\/revisions"}],"predecessor-version":[{"id":829,"href":"https:\/\/www.centroarco.com\/en\/wp-json\/wp\/v2\/pages\/463\/revisions\/829"}],"up":[{"embeddable":true,"href":"https:\/\/www.centroarco.com\/en\/wp-json\/wp\/v2\/pages\/466"}],"wp:attachment":[{"href":"https:\/\/www.centroarco.com\/en\/wp-json\/wp\/v2\/media?parent=463"}],"curies":[{"name":"wp","href":"https:\/\/api.w.org\/{rel}","templated":true}]}}