{"id":167,"date":"2015-07-29T11:07:12","date_gmt":"2015-07-29T09:07:12","guid":{"rendered":"http:\/\/www.centroarco.com\/?page_id=167"},"modified":"2020-04-17T13:31:21","modified_gmt":"2020-04-17T11:31:21","slug":"oferplan","status":"publish","type":"page","link":"https:\/\/www.centroarco.com\/en\/oferplan\/","title":{"rendered":"Oferplan"},"content":{"rendered":"<script>\n\n\n\njQuery(document).ready(function(){\n\n\nvar mun = function() {\n\t\n\t\tjQuery.ajax({\n\n\t\t    type: \"GET\",\n\n\t\t    url: \"lib\/municipio.php?nm=\"+jQuery(\"select#lisprovincia option:selected\").val()+\"&&lc=\"+jQuery(\"select#lislocalidad option:selected\").val(),\n\n\t\t    datatype: \"html\",\n\n\t\t    success: function(obj) {\n\t\t\n\t\t\t\tjQuery(\"#localid\").html(obj);\n\t\t\t\n\t\t\n\t\t    }\n\n\t\t});\n\t\n};\n\nmun();\n\njQuery('#lisprovincia').change(function() \n\t{\n\tmun();\n});\n\t\n\n});\n\n\n<\/script>\n<div class=\"cupon_descuento\"><img src=\"http:\/\/www.centroarco.com\/images\/cupon_descuento.jpg\"><\/div><div class=\"texto_cupon_descuento\">\n<p>Para canjear este cup\u00f3n, env\u00eda el cup\u00f3n (PDF) a <a href=\"mailto:info@centroarco.com\">info@centroarco.com<\/a> junto con tus datos:\n<\/p>\n<p>\nNombre:<br>\nApellidos:<br>\nDNI:<br>\nLocalidad:<br>\nProvincia:<br>\nC\u00f3digo Postal:<br>\nCorreo electr\u00f3nico:<br>\nTel\u00e9fono:\n<\/p>\n<\/div>\n","protected":false},"excerpt":{"rendered":"","protected":false},"author":1,"featured_media":0,"parent":0,"menu_order":0,"comment_status":"closed","ping_status":"closed","template":"fullwidth.php","meta":[],"yoast_head":"<!-- This site is optimized with the Yoast SEO plugin v18.5.1 - https:\/\/yoast.com\/wordpress\/plugins\/seo\/ -->\n<title>(Espa\u00f1ol) Oferplan<\/title>\n<meta name=\"robots\" content=\"noindex, nofollow\" \/>\n<meta property=\"og:locale\" content=\"en_US\" \/>\n<meta property=\"og:type\" content=\"article\" \/>\n<meta property=\"og:title\" content=\"(Espa\u00f1ol) Oferplan\" \/>\n<meta property=\"og:url\" content=\"https:\/\/www.centroarco.com\/en\/oferplan\/\" \/>\n<meta property=\"og:site_name\" content=\"Center for High Commercial Performance\" \/>\n<meta property=\"article:modified_time\" content=\"2020-04-17T11:31:21+00:00\" \/>\n<meta name=\"twitter:card\" content=\"summary\" \/>\n<script type=\"application\/ld+json\" class=\"yoast-schema-graph\">{\"@context\":\"https:\/\/schema.org\",\"@graph\":[{\"@type\":\"WebSite\",\"@id\":\"https:\/\/www.centroarco.com\/en\/#website\",\"url\":\"https:\/\/www.centroarco.com\/en\/\",\"name\":\"Center for High Commercial Performance\",\"description\":\"Online Course in Sales Techniques\",\"potentialAction\":[{\"@type\":\"SearchAction\",\"target\":{\"@type\":\"EntryPoint\",\"urlTemplate\":\"https:\/\/www.centroarco.com\/en\/?s={search_term_string}\"},\"query-input\":\"required name=search_term_string\"}],\"inLanguage\":\"en-US\"},{\"@type\":\"WebPage\",\"@id\":\"https:\/\/www.centroarco.com\/en\/oferplan\/#webpage\",\"url\":\"https:\/\/www.centroarco.com\/en\/oferplan\/\",\"name\":\"(Espa\u00f1ol) Oferplan\",\"isPartOf\":{\"@id\":\"https:\/\/www.centroarco.com\/en\/#website\"},\"datePublished\":\"2015-07-29T09:07:12+00:00\",\"dateModified\":\"2020-04-17T11:31:21+00:00\",\"breadcrumb\":{\"@id\":\"https:\/\/www.centroarco.com\/en\/oferplan\/#breadcrumb\"},\"inLanguage\":\"en-US\",\"potentialAction\":[{\"@type\":\"ReadAction\",\"target\":[\"https:\/\/www.centroarco.com\/en\/oferplan\/\"]}]},{\"@type\":\"BreadcrumbList\",\"@id\":\"https:\/\/www.centroarco.com\/en\/oferplan\/#breadcrumb\",\"itemListElement\":[{\"@type\":\"ListItem\",\"position\":1,\"name\":\"Portada\",\"item\":\"https:\/\/www.centroarco.com\/en\/\"},{\"@type\":\"ListItem\",\"position\":2,\"name\":\"Oferplan\"}]}]}<\/script>\n<!-- \/ Yoast SEO plugin. -->","yoast_head_json":{"title":"(Espa\u00f1ol) Oferplan","robots":{"index":"noindex","follow":"nofollow"},"og_locale":"en_US","og_type":"article","og_title":"(Espa\u00f1ol) Oferplan","og_url":"https:\/\/www.centroarco.com\/en\/oferplan\/","og_site_name":"Center for High Commercial Performance","article_modified_time":"2020-04-17T11:31:21+00:00","twitter_card":"summary","schema":{"@context":"https:\/\/schema.org","@graph":[{"@type":"WebSite","@id":"https:\/\/www.centroarco.com\/en\/#website","url":"https:\/\/www.centroarco.com\/en\/","name":"Center for High Commercial Performance","description":"Online Course in Sales Techniques","potentialAction":[{"@type":"SearchAction","target":{"@type":"EntryPoint","urlTemplate":"https:\/\/www.centroarco.com\/en\/?s={search_term_string}"},"query-input":"required name=search_term_string"}],"inLanguage":"en-US"},{"@type":"WebPage","@id":"https:\/\/www.centroarco.com\/en\/oferplan\/#webpage","url":"https:\/\/www.centroarco.com\/en\/oferplan\/","name":"(Espa\u00f1ol) Oferplan","isPartOf":{"@id":"https:\/\/www.centroarco.com\/en\/#website"},"datePublished":"2015-07-29T09:07:12+00:00","dateModified":"2020-04-17T11:31:21+00:00","breadcrumb":{"@id":"https:\/\/www.centroarco.com\/en\/oferplan\/#breadcrumb"},"inLanguage":"en-US","potentialAction":[{"@type":"ReadAction","target":["https:\/\/www.centroarco.com\/en\/oferplan\/"]}]},{"@type":"BreadcrumbList","@id":"https:\/\/www.centroarco.com\/en\/oferplan\/#breadcrumb","itemListElement":[{"@type":"ListItem","position":1,"name":"Portada","item":"https:\/\/www.centroarco.com\/en\/"},{"@type":"ListItem","position":2,"name":"Oferplan"}]}]}},"_links":{"self":[{"href":"https:\/\/www.centroarco.com\/en\/wp-json\/wp\/v2\/pages\/167"}],"collection":[{"href":"https:\/\/www.centroarco.com\/en\/wp-json\/wp\/v2\/pages"}],"about":[{"href":"https:\/\/www.centroarco.com\/en\/wp-json\/wp\/v2\/types\/page"}],"author":[{"embeddable":true,"href":"https:\/\/www.centroarco.com\/en\/wp-json\/wp\/v2\/users\/1"}],"replies":[{"embeddable":true,"href":"https:\/\/www.centroarco.com\/en\/wp-json\/wp\/v2\/comments?post=167"}],"version-history":[{"count":1,"href":"https:\/\/www.centroarco.com\/en\/wp-json\/wp\/v2\/pages\/167\/revisions"}],"predecessor-version":[{"id":168,"href":"https:\/\/www.centroarco.com\/en\/wp-json\/wp\/v2\/pages\/167\/revisions\/168"}],"wp:attachment":[{"href":"https:\/\/www.centroarco.com\/en\/wp-json\/wp\/v2\/media?parent=167"}],"curies":[{"name":"wp","href":"https:\/\/api.w.org\/{rel}","templated":true}]}}