{"id":161,"date":"2015-07-29T11:07:25","date_gmt":"2015-07-29T11:07:25","guid":{"rendered":"http:\/\/www.centroarco.com\/?page_id=161"},"modified":"2020-04-17T13:26:07","modified_gmt":"2020-04-17T11:26:07","slug":"aprendum","status":"publish","type":"page","link":"https:\/\/www.centroarco.com\/en\/aprendum\/","title":{"rendered":"Aprendum"},"content":{"rendered":"<script>\n\n\n\njQuery(document).ready(function(){\n\n\nvar mun = function() {\n\t\n\t\tjQuery.ajax({\n\n\t\t    type: \"GET\",\n\n\t\t    url: \"lib\/municipio.php?nm=\"+jQuery(\"select#lisprovincia option:selected\").val()+\"&&lc=\"+jQuery(\"select#lislocalidad option:selected\").val(),\n\n\t\t    datatype: \"html\",\n\n\t\t    success: function(obj) {\n\t\t\n\t\t\t\tjQuery(\"#localid\").html(obj);\n\t\t\t\n\t\t\n\t\t    }\n\n\t\t});\n\t\n};\n\nmun();\n\njQuery('#lisprovincia').change(function() \n\t{\n\tmun();\n});\n\t\n\n});\n\n\n<\/script>\n<p style='min-height:600px;'>Para canjear este cup\u00f3n, ponte en contacto con nosotros a trav\u00e9s de la pesta\u00f1a de <a href='http:\/\/www.centroarco.com\/contacto\/'>contacto<\/a> de la web.<\/p>\n\n","protected":false},"excerpt":{"rendered":"","protected":false},"author":1,"featured_media":0,"parent":0,"menu_order":0,"comment_status":"closed","ping_status":"closed","template":"fullwidth.php","meta":[],"yoast_head":"<!-- This site is optimized with the Yoast SEO plugin v18.5.1 - https:\/\/yoast.com\/wordpress\/plugins\/seo\/ -->\n<title>(Espa\u00f1ol) Aprendum<\/title>\n<meta name=\"robots\" content=\"noindex, nofollow\" \/>\n<meta property=\"og:locale\" content=\"en_US\" \/>\n<meta property=\"og:type\" content=\"article\" \/>\n<meta property=\"og:title\" content=\"(Espa\u00f1ol) Aprendum\" \/>\n<meta property=\"og:url\" content=\"https:\/\/www.centroarco.com\/en\/aprendum\/\" \/>\n<meta property=\"og:site_name\" content=\"Center for High Commercial Performance\" \/>\n<meta property=\"article:modified_time\" content=\"2020-04-17T11:26:07+00:00\" \/>\n<meta name=\"twitter:card\" content=\"summary\" \/>\n<script type=\"application\/ld+json\" class=\"yoast-schema-graph\">{\"@context\":\"https:\/\/schema.org\",\"@graph\":[{\"@type\":\"WebSite\",\"@id\":\"https:\/\/www.centroarco.com\/en\/#website\",\"url\":\"https:\/\/www.centroarco.com\/en\/\",\"name\":\"Center for High Commercial Performance\",\"description\":\"Online Course in Sales Techniques\",\"potentialAction\":[{\"@type\":\"SearchAction\",\"target\":{\"@type\":\"EntryPoint\",\"urlTemplate\":\"https:\/\/www.centroarco.com\/en\/?s={search_term_string}\"},\"query-input\":\"required name=search_term_string\"}],\"inLanguage\":\"en-US\"},{\"@type\":\"WebPage\",\"@id\":\"https:\/\/www.centroarco.com\/en\/aprendum\/#webpage\",\"url\":\"https:\/\/www.centroarco.com\/en\/aprendum\/\",\"name\":\"(Espa\u00f1ol) Aprendum\",\"isPartOf\":{\"@id\":\"https:\/\/www.centroarco.com\/en\/#website\"},\"datePublished\":\"2015-07-29T11:07:25+00:00\",\"dateModified\":\"2020-04-17T11:26:07+00:00\",\"breadcrumb\":{\"@id\":\"https:\/\/www.centroarco.com\/en\/aprendum\/#breadcrumb\"},\"inLanguage\":\"en-US\",\"potentialAction\":[{\"@type\":\"ReadAction\",\"target\":[\"https:\/\/www.centroarco.com\/en\/aprendum\/\"]}]},{\"@type\":\"BreadcrumbList\",\"@id\":\"https:\/\/www.centroarco.com\/en\/aprendum\/#breadcrumb\",\"itemListElement\":[{\"@type\":\"ListItem\",\"position\":1,\"name\":\"Portada\",\"item\":\"https:\/\/www.centroarco.com\/en\/\"},{\"@type\":\"ListItem\",\"position\":2,\"name\":\"Aprendum\"}]}]}<\/script>\n<!-- \/ Yoast SEO plugin. -->","yoast_head_json":{"title":"(Espa\u00f1ol) Aprendum","robots":{"index":"noindex","follow":"nofollow"},"og_locale":"en_US","og_type":"article","og_title":"(Espa\u00f1ol) Aprendum","og_url":"https:\/\/www.centroarco.com\/en\/aprendum\/","og_site_name":"Center for High Commercial Performance","article_modified_time":"2020-04-17T11:26:07+00:00","twitter_card":"summary","schema":{"@context":"https:\/\/schema.org","@graph":[{"@type":"WebSite","@id":"https:\/\/www.centroarco.com\/en\/#website","url":"https:\/\/www.centroarco.com\/en\/","name":"Center for High Commercial Performance","description":"Online Course in Sales Techniques","potentialAction":[{"@type":"SearchAction","target":{"@type":"EntryPoint","urlTemplate":"https:\/\/www.centroarco.com\/en\/?s={search_term_string}"},"query-input":"required name=search_term_string"}],"inLanguage":"en-US"},{"@type":"WebPage","@id":"https:\/\/www.centroarco.com\/en\/aprendum\/#webpage","url":"https:\/\/www.centroarco.com\/en\/aprendum\/","name":"(Espa\u00f1ol) Aprendum","isPartOf":{"@id":"https:\/\/www.centroarco.com\/en\/#website"},"datePublished":"2015-07-29T11:07:25+00:00","dateModified":"2020-04-17T11:26:07+00:00","breadcrumb":{"@id":"https:\/\/www.centroarco.com\/en\/aprendum\/#breadcrumb"},"inLanguage":"en-US","potentialAction":[{"@type":"ReadAction","target":["https:\/\/www.centroarco.com\/en\/aprendum\/"]}]},{"@type":"BreadcrumbList","@id":"https:\/\/www.centroarco.com\/en\/aprendum\/#breadcrumb","itemListElement":[{"@type":"ListItem","position":1,"name":"Portada","item":"https:\/\/www.centroarco.com\/en\/"},{"@type":"ListItem","position":2,"name":"Aprendum"}]}]}},"_links":{"self":[{"href":"https:\/\/www.centroarco.com\/en\/wp-json\/wp\/v2\/pages\/161"}],"collection":[{"href":"https:\/\/www.centroarco.com\/en\/wp-json\/wp\/v2\/pages"}],"about":[{"href":"https:\/\/www.centroarco.com\/en\/wp-json\/wp\/v2\/types\/page"}],"author":[{"embeddable":true,"href":"https:\/\/www.centroarco.com\/en\/wp-json\/wp\/v2\/users\/1"}],"replies":[{"embeddable":true,"href":"https:\/\/www.centroarco.com\/en\/wp-json\/wp\/v2\/comments?post=161"}],"version-history":[{"count":1,"href":"https:\/\/www.centroarco.com\/en\/wp-json\/wp\/v2\/pages\/161\/revisions"}],"predecessor-version":[{"id":174,"href":"https:\/\/www.centroarco.com\/en\/wp-json\/wp\/v2\/pages\/161\/revisions\/174"}],"wp:attachment":[{"href":"https:\/\/www.centroarco.com\/en\/wp-json\/wp\/v2\/media?parent=161"}],"curies":[{"name":"wp","href":"https:\/\/api.w.org\/{rel}","templated":true}]}}