{"id":1376,"date":"2021-05-28T13:16:24","date_gmt":"2021-05-28T11:16:24","guid":{"rendered":"https:\/\/www.centroarco.com\/?page_id=1376"},"modified":"2023-04-25T18:36:48","modified_gmt":"2023-04-25T16:36:48","slug":"promocion-3","status":"publish","type":"page","link":"https:\/\/www.centroarco.com\/en\/promo-aniversario\/","title":{"rendered":"(Espa\u00f1ol) Promoci\u00f3n"},"content":{"rendered":"<div id=\"pl-1376\"  class=\"panel-layout\" ><div id=\"pg-1376-0\"  class=\"panel-grid panel-no-style\" ><div id=\"pgc-1376-0-0\"  class=\"panel-grid-cell\" ><div id=\"panel-1376-0-0-0\" class=\"so-panel widget widget_sow-editor panel-first-child panel-last-child\" data-index=\"0\" ><div class=\"so-widget-sow-editor so-widget-sow-editor-base\">\n<div class=\"siteorigin-widget-tinymce textwidget\">\n\t<div style=\"text-align: center; box-shadow: 5px 10px 8px #888888; margin: 5em 2em; padding: 0.5em; width: 15em; font-size: 2em; background-color: #4a4849; color: #fff;\">PROMOCI\u00d3N FINALIZADA<\/div>\n<div style=\"margin: 0.2em 2em; font-size: 1.2em;\">Esta promoci\u00f3n ya no est\u00e1 disponible.<\/div>\n<p>&nbsp;<\/p>\n<\/div>\n<\/div><\/div><\/div><\/div><\/div>","protected":false},"excerpt":{"rendered":"<p>PROMOCI\u00d3N FINALIZADA Esta promoci\u00f3n ya no est\u00e1 disponible. &nbsp;<\/p>\n","protected":false},"author":1,"featured_media":0,"parent":0,"menu_order":0,"comment_status":"closed","ping_status":"closed","template":"fullwidth.php","meta":[],"yoast_head":"<!-- This site is optimized with the Yoast SEO plugin v18.5.1 - https:\/\/yoast.com\/wordpress\/plugins\/seo\/ -->\n<title>(Espa\u00f1ol) Promoci\u00f3n - Center for High Commercial Performance<\/title>\n<meta name=\"robots\" content=\"index, follow, max-snippet:-1, max-image-preview:large, max-video-preview:-1\" \/>\n<link rel=\"canonical\" href=\"https:\/\/www.centroarco.com\/promocion-aniversario\/\" \/>\n<meta property=\"og:locale\" content=\"en_US\" \/>\n<meta property=\"og:type\" content=\"article\" \/>\n<meta property=\"og:title\" content=\"(Espa\u00f1ol) Promoci\u00f3n - Center for High Commercial Performance\" \/>\n<meta property=\"og:description\" content=\"PROMOCI\u00d3N FINALIZADA Esta promoci\u00f3n ya no est\u00e1 disponible. &nbsp;\" \/>\n<meta property=\"og:url\" content=\"https:\/\/www.centroarco.com\/promocion-aniversario\/\" \/>\n<meta property=\"og:site_name\" content=\"Center for High Commercial Performance\" \/>\n<meta property=\"article:modified_time\" content=\"2023-04-25T16:36:48+00:00\" \/>\n<meta name=\"twitter:card\" content=\"summary\" \/>\n<script type=\"application\/ld+json\" class=\"yoast-schema-graph\">{\"@context\":\"https:\/\/schema.org\",\"@graph\":[{\"@type\":\"WebSite\",\"@id\":\"https:\/\/www.centroarco.com\/en\/#website\",\"url\":\"https:\/\/www.centroarco.com\/en\/\",\"name\":\"Center for High Commercial Performance\",\"description\":\"Online Course in Sales Techniques\",\"potentialAction\":[{\"@type\":\"SearchAction\",\"target\":{\"@type\":\"EntryPoint\",\"urlTemplate\":\"https:\/\/www.centroarco.com\/en\/?s={search_term_string}\"},\"query-input\":\"required name=search_term_string\"}],\"inLanguage\":\"en-US\"},{\"@type\":\"WebPage\",\"@id\":\"https:\/\/www.centroarco.com\/promocion-aniversario\/#webpage\",\"url\":\"https:\/\/www.centroarco.com\/promocion-aniversario\/\",\"name\":\"(Espa\u00f1ol) Promoci\u00f3n - Center for High Commercial Performance\",\"isPartOf\":{\"@id\":\"https:\/\/www.centroarco.com\/en\/#website\"},\"datePublished\":\"2021-05-28T11:16:24+00:00\",\"dateModified\":\"2023-04-25T16:36:48+00:00\",\"breadcrumb\":{\"@id\":\"https:\/\/www.centroarco.com\/promocion-aniversario\/#breadcrumb\"},\"inLanguage\":\"en-US\",\"potentialAction\":[{\"@type\":\"ReadAction\",\"target\":[\"https:\/\/www.centroarco.com\/promocion-aniversario\/\"]}]},{\"@type\":\"BreadcrumbList\",\"@id\":\"https:\/\/www.centroarco.com\/promocion-aniversario\/#breadcrumb\",\"itemListElement\":[{\"@type\":\"ListItem\",\"position\":1,\"name\":\"Portada\",\"item\":\"https:\/\/www.centroarco.com\/en\/\"},{\"@type\":\"ListItem\",\"position\":2,\"name\":\"Promoci\u00f3n\"}]}]}<\/script>\n<!-- \/ Yoast SEO plugin. -->","yoast_head_json":{"title":"(Espa\u00f1ol) Promoci\u00f3n - Center for High Commercial Performance","robots":{"index":"index","follow":"follow","max-snippet":"max-snippet:-1","max-image-preview":"max-image-preview:large","max-video-preview":"max-video-preview:-1"},"canonical":"https:\/\/www.centroarco.com\/promocion-aniversario\/","og_locale":"en_US","og_type":"article","og_title":"(Espa\u00f1ol) Promoci\u00f3n - Center for High Commercial Performance","og_description":"PROMOCI\u00d3N FINALIZADA Esta promoci\u00f3n ya no est\u00e1 disponible. &nbsp;","og_url":"https:\/\/www.centroarco.com\/promocion-aniversario\/","og_site_name":"Center for High Commercial Performance","article_modified_time":"2023-04-25T16:36:48+00:00","twitter_card":"summary","schema":{"@context":"https:\/\/schema.org","@graph":[{"@type":"WebSite","@id":"https:\/\/www.centroarco.com\/en\/#website","url":"https:\/\/www.centroarco.com\/en\/","name":"Center for High Commercial Performance","description":"Online Course in Sales Techniques","potentialAction":[{"@type":"SearchAction","target":{"@type":"EntryPoint","urlTemplate":"https:\/\/www.centroarco.com\/en\/?s={search_term_string}"},"query-input":"required name=search_term_string"}],"inLanguage":"en-US"},{"@type":"WebPage","@id":"https:\/\/www.centroarco.com\/promocion-aniversario\/#webpage","url":"https:\/\/www.centroarco.com\/promocion-aniversario\/","name":"(Espa\u00f1ol) Promoci\u00f3n - Center for High Commercial Performance","isPartOf":{"@id":"https:\/\/www.centroarco.com\/en\/#website"},"datePublished":"2021-05-28T11:16:24+00:00","dateModified":"2023-04-25T16:36:48+00:00","breadcrumb":{"@id":"https:\/\/www.centroarco.com\/promocion-aniversario\/#breadcrumb"},"inLanguage":"en-US","potentialAction":[{"@type":"ReadAction","target":["https:\/\/www.centroarco.com\/promocion-aniversario\/"]}]},{"@type":"BreadcrumbList","@id":"https:\/\/www.centroarco.com\/promocion-aniversario\/#breadcrumb","itemListElement":[{"@type":"ListItem","position":1,"name":"Portada","item":"https:\/\/www.centroarco.com\/en\/"},{"@type":"ListItem","position":2,"name":"Promoci\u00f3n"}]}]}},"_links":{"self":[{"href":"https:\/\/www.centroarco.com\/en\/wp-json\/wp\/v2\/pages\/1376"}],"collection":[{"href":"https:\/\/www.centroarco.com\/en\/wp-json\/wp\/v2\/pages"}],"about":[{"href":"https:\/\/www.centroarco.com\/en\/wp-json\/wp\/v2\/types\/page"}],"author":[{"embeddable":true,"href":"https:\/\/www.centroarco.com\/en\/wp-json\/wp\/v2\/users\/1"}],"replies":[{"embeddable":true,"href":"https:\/\/www.centroarco.com\/en\/wp-json\/wp\/v2\/comments?post=1376"}],"version-history":[{"count":5,"href":"https:\/\/www.centroarco.com\/en\/wp-json\/wp\/v2\/pages\/1376\/revisions"}],"predecessor-version":[{"id":1437,"href":"https:\/\/www.centroarco.com\/en\/wp-json\/wp\/v2\/pages\/1376\/revisions\/1437"}],"wp:attachment":[{"href":"https:\/\/www.centroarco.com\/en\/wp-json\/wp\/v2\/media?parent=1376"}],"curies":[{"name":"wp","href":"https:\/\/api.w.org\/{rel}","templated":true}]}}